{"id":7402,"date":"2025-11-11T20:14:32","date_gmt":"2025-11-11T20:14:32","guid":{"rendered":"https:\/\/select-benefits-integration-union.com\/?page_id=7402"},"modified":"2025-11-14T17:40:59","modified_gmt":"2025-11-14T17:40:59","slug":"aide-memoire-pour-les-nouveaux-employes","status":"publish","type":"page","link":"https:\/\/select-benefits-integration-union.com\/fr\/aide-memoire-pour-les-nouveaux-employes\/","title":{"rendered":"Aide-m\u00e9moire pour les nouveaux employ\u00e9s"},"content":{"rendered":"<p>[vc_row css=\u00a0\u00bb.vc_custom_1761240483442{padding-bottom: 5px !important;}\u00a0\u00bb el_class=\u00a0\u00bbCAE-AE-checklist-text\u00a0\u00bb][vc_column width=\u00a0\u00bb1\/2&Prime; el_class=\u00a0\u00bbwhats-new-section1-text\u00a0\u00bb][vc_column_text]<\/p>\n<div class=\"CAE-AE-checklist-sec1\">\n<h2>Comment effectuer votre adh\u00e9sion initiale au r\u00e9gime d\u2019assurance collective<\/h2>\n<div class=\"vntd-icon-list icon-list-simple icon-list-basic icon-list-color-accent\">\n<ul class=\"icon-list\">\n<li><i class=\"far fa-check-square color-accent\"><\/i><strong>Acc\u00e9dez \u00e0 l\u2019outil d\u2019adh\u00e9sion<\/strong>\n<ul>\n<li><i class=\"fas fa-caret-right color-accent\"><\/i>Rendez-vous sur <strong><a style=\"color: #000;\" href=\"https:\/\/cae.seb-admin.com\" target=\"_blank\" rel=\"noopener\">CAE MesAvantages<\/a><\/strong>.<\/li>\n<li><i class=\"fas fa-caret-right color-accent\"><\/i>S\u00e9lectionnez \u00ab <strong>R\u00e9gime d\u2019assurance collective<\/strong> \u00bb, puis \u00ab <strong>Site web de l\u2019administrateur du r\u00e9gime<\/strong> \u00bb.<\/li>\n<li><i class=\"fas fa-caret-right color-accent\"><\/i>Cliquez sur \u00ab <strong>S\u2019inscrire<\/strong> \u00bb et suivez les instructions en ligne.<\/li>\n<\/ul>\n<\/li>\n<li><i class=\"far fa-check-square color-accent\"><\/i><strong>V\u00e9rifiez vos informations personnelles<\/strong><br \/>\nAssurez-vous que toutes vos informations sont correctes.<\/li>\n<li class=\"CAE-tooltip-list-NHC-fr\"><i class=\"far fa-check-square color-accent\"><\/i><strong>Saisissez les informations relatives \u00e0 vos personnes \u00e0 charge<\/strong><br \/>\nAjoutez vos<\/p>\n<div id=\"hover-text1\" class=\"cae-hover-text-list-NHC\" aria-labeledby=\"#hidden-list1\">\n<p class=\"tooltip-text\"><strong>personnes \u00e0 charge admissibles\u00a0<\/strong><\/p>\n<ul id=\"hidden-list1\" class=\"CAE-hidden-list\" role=\"tooltip\">\n<li><i class=\"fas fa-caret-right color-accent\"><\/i>Il se peut que l\u2019on vous demande de fournir des pi\u00e8ces justificatives pour confirmer que vos personnes \u00e0 charge r\u00e9pondent aux crit\u00e8res d\u2019admissibilit\u00e9 pr\u00e9vus par le r\u00e9gime. Assurez-vous donc d\u2019avoir les documents appropri\u00e9s \u00e0 port\u00e9e de main.<\/li>\n<li><i class=\"fas fa-caret-right color-accent\"><\/i>Les personnes \u00e0 charge admissibles \u00e0 la couverture offerte par votre r\u00e9gime comprennent votre conjoint et vos enfants admissibles. Pour \u00eatre admissible \u00e0 l\u2019assurance m\u00e9dicale, votre personne \u00e0 charge doit \u00eatre assur\u00e9e par un r\u00e9gime provincial d\u2019assurance maladie.<\/li>\n<li><i class=\"fas fa-caret-right color-accent\"><\/i>La d\u00e9finition des termes \u00ab conjoint \u00bb et \u00ab enfants admissibles \u00bb est fournie sur le site Web de l\u2019administrateur du r\u00e9gime, sous l\u2019onglet \u00ab Assurance collective \u00bb, \u00ab Comprendre votre r\u00e9gime \u00bb, puis \u00ab Personnes \u00e0 charge \u00bb.<\/li>\n<\/ul>\n<\/div>\n<p>et s\u00e9lectionnez leurs options de couverture.<\/li>\n<li><i class=\"far fa-check-square color-accent\"><\/i><strong>D\u00e9signez votre ou vos b\u00e9n\u00e9ficiaires<\/strong><br \/>\nSaisissez les informations relatives \u00e0 vos b\u00e9n\u00e9ficiaires en ligne. Une fois saisies, vos d\u00e9signations <strong>prennent effet imm\u00e9diatement<\/strong>, sans qu\u2019il soit n\u00e9cessaire de remplir des formulaires papier! La connexion au syst\u00e8me \u00e0 l\u2019aide de vos identifiants s\u00e9curis\u00e9s tient lieu de <strong>signature \u00e9lectronique<\/strong>.<\/li>\n<li><i class=\"far fa-check-square color-accent\"><\/i><strong>V\u00e9rifiez vos choix de couverture <\/strong><br \/>\nPrenez le temps de vous assurer que les couvertures d\u2019assurance que vous avez s\u00e9lectionn\u00e9es r\u00e9pondent \u00e0 vos besoins et \u00e0 ceux de votre famille.<\/li>\n<li><i class=\"far fa-check-square color-accent\"><\/i><strong>Soumettez votre adh\u00e9sion<\/strong><br \/>\nCliquez sur \u00ab <strong>Soumettre<\/strong> \u00bb pour finaliser et valider vos choix.<\/li>\n<li><i class=\"far fa-check-square color-accent\"><\/i><strong>Enregistrez votre confirmation<\/strong><br \/>\nImprimez ou envoyez par courriel une copie de votre relev\u00e9 de confirmation pour vos dossiers.<\/li>\n<li><i class=\"far fa-check-square color-accent\"><\/i>Pr\u00e9voyez 5 \u00e0 10 jours ouvrables pour que Sun Life cr\u00e9e votre compte. Vous recevrez un courriel de bienvenue de Sun Life une fois que c\u2019est fait.<\/li>\n<li><i class=\"far fa-check-square color-accent\"><\/i>Sun Life postera votre carte de couverture \u00e0 votre adresse personnelle. Une fois que votre compte sera cr\u00e9\u00e9, vous pourrez \u00e9galement t\u00e9l\u00e9charger une carte \u00e9lectronique sur CAE MesAvantages, sur le site masunlife.ca ou sur l\u2019appli ma Sun Life mobile.<\/li>\n<li><i class=\"far fa-check-square color-accent\"><\/i>Notez que votre num\u00e9ro de police et votre num\u00e9ro de certificat sera indiqu\u00e9 sur votre carte de couverture de Sun Life.<\/li>\n<\/ul>\n<\/div>\n<h2>Rappels importants<\/h2>\n<p><strong>Inscrivez-vous \u00e0 temps.<\/strong><br \/>\nVous disposez de <strong>31 jours<\/strong> \u00e0 compter de la date de r\u00e9ception du courriel de bienvenue pour finaliser votre adh\u00e9sion.<\/p>\n<p>Si vous manquez la date limite :<\/p>\n<div class=\"vntd-icon-list icon-list-simple icon-list-basic icon-list-color-accent\" style=\"margin-top: -10px;\">\n<ul class=\"cae-sub-list-items\">\n<li><i class=\"fas fa-caret-right color-accent\"><\/i>Vous b\u00e9n\u00e9ficierez d\u2019une <strong>couverture par d\u00e9faut<\/strong>.<\/li>\n<li><i class=\"fas fa-caret-right color-accent\"><\/i>Vos personnes \u00e0 charge ne seront pas couvertes.<\/li>\n<li><i class=\"fas fa-caret-right color-accent\"><\/i>Vous serez li\u00e9 \u00e0 vos choix par d\u00e9faut jusqu\u2019au prochain renouvellement annuel ou \u00e9v\u00e9nement de la vie admissible.<\/li>\n<li><i class=\"fas fa-caret-right color-accent\"><\/i>Vous devrez peut-\u00eatre fournir une <strong>preuve d\u2019assurabilit\u00e9<\/strong> si vous souhaitez apporter des modifications ult\u00e9rieurement.<\/li>\n<\/ul>\n<\/div>\n<\/div>\n<p>[\/vc_column_text]<div class=\"vntd-icon-list icon-list-simple icon-list-basic icon-list-color-gray\"><ul class=\"icon-list\"><li><i class=\"fas fa-info-circle color-gray\"><\/i><\/li><\/ul><\/div>[\/vc_column][vc_column width=\u00a0\u00bb1\/2&Prime; el_class=\u00a0\u00bbCAE-BP-programs DBPP-img\u00a0\u00bb][vc_single_image image=\u00a0\u00bb7453&Prime; alignment=\u00a0\u00bbcenter\u00a0\u00bb][\/vc_column][\/vc_row]<\/p>\n","protected":false},"excerpt":{"rendered":"<p>[vc_row css=\u00a0\u00bb.vc_custom_1761240483442{padding-bottom: 5px !important;}\u00a0\u00bb el_class=\u00a0\u00bbCAE-AE-checklist-text\u00a0\u00bb][vc_column width=\u00a0\u00bb1\/2&Prime; el_class=\u00a0\u00bbwhats-new-section1-text\u00a0\u00bb][vc_column_text] Comment effectuer votre adh\u00e9sion initiale au r\u00e9gime d\u2019assurance collective Acc\u00e9dez \u00e0 l\u2019outil d\u2019adh\u00e9sion Rendez-vous sur CAE MesAvantages. S\u00e9lectionnez \u00ab R\u00e9gime d\u2019assurance collective \u00bb, puis \u00ab Site web de l\u2019administrateur du r\u00e9gime \u00bb. Cliquez sur \u00ab S\u2019inscrire \u00bb et suivez les instructions en ligne. [&hellip;]<\/p>\n","protected":false},"author":1,"featured_media":0,"parent":0,"menu_order":0,"comment_status":"closed","ping_status":"closed","template":"","meta":{"om_disable_all_campaigns":false,"_monsterinsights_skip_tracking":false,"_monsterinsights_sitenote_active":false,"_monsterinsights_sitenote_note":"","_monsterinsights_sitenote_category":0,"footnotes":""},"class_list":["post-7402","page","type-page","status-publish","hentry"],"aioseo_notices":[],"jetpack_sharing_enabled":true,"_links":{"self":[{"href":"https:\/\/select-benefits-integration-union.com\/fr\/wp-json\/wp\/v2\/pages\/7402","targetHints":{"allow":["GET"]}}],"collection":[{"href":"https:\/\/select-benefits-integration-union.com\/fr\/wp-json\/wp\/v2\/pages"}],"about":[{"href":"https:\/\/select-benefits-integration-union.com\/fr\/wp-json\/wp\/v2\/types\/page"}],"author":[{"embeddable":true,"href":"https:\/\/select-benefits-integration-union.com\/fr\/wp-json\/wp\/v2\/users\/1"}],"replies":[{"embeddable":true,"href":"https:\/\/select-benefits-integration-union.com\/fr\/wp-json\/wp\/v2\/comments?post=7402"}],"version-history":[{"count":10,"href":"https:\/\/select-benefits-integration-union.com\/fr\/wp-json\/wp\/v2\/pages\/7402\/revisions"}],"predecessor-version":[{"id":7500,"href":"https:\/\/select-benefits-integration-union.com\/fr\/wp-json\/wp\/v2\/pages\/7402\/revisions\/7500"}],"wp:attachment":[{"href":"https:\/\/select-benefits-integration-union.com\/fr\/wp-json\/wp\/v2\/media?parent=7402"}],"curies":[{"name":"wp","href":"https:\/\/api.w.org\/{rel}","templated":true}]}}