{"id":7382,"date":"2025-11-11T06:47:10","date_gmt":"2025-11-11T06:47:10","guid":{"rendered":"https:\/\/select-benefits-integration-union.com\/?page_id=7382"},"modified":"2025-11-17T17:27:54","modified_gmt":"2025-11-17T17:27:54","slug":"bienvenue-chez-cae","status":"publish","type":"page","link":"https:\/\/select-benefits-integration-union.com\/fr\/bienvenue-chez-cae\/","title":{"rendered":"Bienvenue chez CAE"},"content":{"rendered":"<p>[vc_row css=\u00a0\u00bb.vc_custom_1762985322044{padding-bottom: 0px !important;}\u00a0\u00bb el_class=\u00a0\u00bbwhats-new-section1 hidden-icon-list-wrapper\u00a0\u00bb][vc_column width=\u00a0\u00bb1\/2&Prime; el_class=\u00a0\u00bbwhats-new-section1-text\u00a0\u00bb][vc_column_text]Nous sommes ravis de vous accueillir au sein de notre \u00e9quipe dynamique. Chez CAE, nous nous engageons \u00e0 soutenir votre bien-\u00eatre physique, financier, social et \u00e9motionnel gr\u00e2ce \u00e0 une gamme de programmes et de ressources.<\/p>\n<p>[\/vc_column_text][vc_column_text]<\/p>\n<h2>Avant de faire votre adh\u00e9sion<\/h2>\n<p><span class=\"TextRun SCXW245597968 BCX0\" lang=\"EN-GB\" xml:lang=\"EN-GB\" data-contrast=\"auto\"><span class=\"NormalTextRun SCXW245597968 BCX0\">Assurez-vous d&rsquo;\u00eatre bien pr\u00e9par\u00e9 :<\/span><\/span><\/p>\n<div class=\"CAE-EEE-checklist vntd-icon-list icon-list-simple icon-list-basic icon-list-color-accent\">\n<ul class=\"icon-list\">\n<li><i class=\"fas fa-check color-accent\"><\/i>Utilisez <a style=\"color: #000; text-decoration: underline;\" href=\"https:\/\/select-benefits-integration-union.com\/fr\/aide-memoire-pour-les-nouveaux-employes\/\" target=\"_blank\" rel=\"noopener\" aria-label=\"This link opens PDF document in new tab\"><strong>l\u2019aide-m\u00e9moire pour les nouveaux employ\u00e9s<\/strong><\/a> afin de vous assurer que vous avez bien suivi toutes les \u00e9tapes.<\/li>\n<li><i class=\"fas fa-check color-accent\"><\/i>Comprenez le fonctionnement de chaque programme.<\/li>\n<li class=\"CAE-tooltip-list-AEC-fr\"><i class=\"fas fa-check color-accent\"><\/i>D\u00e9terminez le statut de couverture appropri\u00e9 (individuel, monoparental ou famille) pour vous-m\u00eame et les\n<div id=\"hover-text1\" class=\"cae-hover-text-list\" aria-labeledby=\"#hidden-list1\">\n<p class=\"tooltip-text\"><strong>personnes \u00e0 charge admissibles<\/strong>.<\/p>\n<ul id=\"hidden-list1\" class=\"CAE-hidden-list\" role=\"tooltip\">\n<li><i class=\"fas fa-caret-right color-accent\"><\/i>Il se peut que l\u2019on vous demande de fournir des pi\u00e8ces justificatives pour confirmer que vos personnes \u00e0 charge r\u00e9pondent aux crit\u00e8res d\u2019admissibilit\u00e9 pr\u00e9vus par le r\u00e9gime. Assurez-vous donc d\u2019avoir les documents appropri\u00e9s \u00e0 port\u00e9e de main.<\/li>\n<li><i class=\"fas fa-caret-right color-accent\"><\/i>Les personnes \u00e0 charge admissibles \u00e0 la couverture offerte par votre r\u00e9gime comprennent votre conjoint et vos enfants admissibles. Pour \u00eatre admissible \u00e0 l\u2019assurance m\u00e9dicale, votre personne \u00e0 charge doit \u00eatre assur\u00e9e par un r\u00e9gime provincial d\u2019assurance maladie.<\/li>\n<li><i class=\"fas fa-caret-right color-accent\"><\/i>La d\u00e9finition des termes \u00ab conjoint \u00bb et \u00ab enfants admissibles \u00bb est fournie sur le site Web de l\u2019administrateur du r\u00e9gime, sous l\u2019onglet \u00ab Assurance collective \u00bb, \u00ab Comprendre votre r\u00e9gime \u00bb, puis \u00ab Personnes \u00e0 charge \u00bb.<\/li>\n<\/ul>\n<\/div>\n<p>on your plan.<\/li>\n<li><i class=\"fas fa-check color-accent\"><\/i>D\u00e9terminez vos b\u00e9n\u00e9ficiaires pour vos assurances.<\/li>\n<\/ul>\n<\/div>\n<p>[\/vc_column_text][vc_column_text]<\/p>\n<h2><span class=\"TextRun SCXW184885171 BCX0\" lang=\"FR-CA\" xml:lang=\"FR-CA\" data-contrast=\"auto\"><span class=\"NormalTextRun SCXW184885171 BCX0\">Nous savons que les choses peuvent changer!<\/span><\/span><\/h2>\n<p><span class=\"TextRun SCXW184885171 BCX0\" lang=\"FR-CA\" xml:lang=\"FR-CA\" data-contrast=\"auto\"><span class=\"NormalTextRun SCXW184885171 BCX0\">Si vous vivez un <\/span><\/span><strong><span class=\"TextRun SCXW184885171 BCX0\" lang=\"FR-CA\" xml:lang=\"FR-CA\" data-contrast=\"auto\"><span class=\"NormalTextRun SCXW184885171 BCX0\">\u00e9v\u00e9nement <\/span><span class=\"NormalTextRun SCXW184885171 BCX0\">de la<\/span><span class=\"NormalTextRun SCXW184885171 BCX0\"> vie<\/span><span class=\"NormalTextRun SCXW184885171 BCX0\"> admissible<\/span><\/span><\/strong><span class=\"TextRun SCXW184885171 BCX0\" lang=\"FR-CA\" xml:lang=\"FR-CA\" data-contrast=\"auto\"><span class=\"NormalTextRun SCXW184885171 BCX0\">, comme un mariage ou la naissance d&rsquo;un enfant, vous pouvez mettre \u00e0 jour votre couverture d&rsquo;assurance dans les <\/span><\/span><strong><span class=\"TextRun SCXW184885171 BCX0\" lang=\"FR-CA\" xml:lang=\"FR-CA\" data-contrast=\"auto\"><span class=\"NormalTextRun SCXW184885171 BCX0\">31 jours suivant l&rsquo;\u00e9v\u00e9nement<\/span><\/span><\/strong><span class=\"TextRun SCXW184885171 BCX0\" lang=\"FR-CA\" xml:lang=\"FR-CA\" data-contrast=\"auto\"><span class=\"NormalTextRun SCXW184885171 BCX0\">. Il vous suffit de vous connecter \u00e0\u00a0<strong><a style=\"color: #000; text-decoration: underline;\" href=\"https:\/\/cae.seb-admin.com\/\" target=\"_blank\" rel=\"noopener\">CAE MesAvantages<\/a><\/strong><\/span><\/span><span class=\"TextRun SCXW184885171 BCX0\" lang=\"FR-CA\" xml:lang=\"FR-CA\" data-contrast=\"auto\"><span class=\"NormalTextRun SCXW184885171 BCX0\">, de cliquer sur \u00ab R\u00e9gime d&rsquo;assurance collective \u00bb, puis sur \u00ab Site <\/span><span class=\"NormalTextRun SCXW184885171 BCX0\">w<\/span><span class=\"NormalTextRun SCXW184885171 BCX0\">eb de l&rsquo;administrateur du <\/span><span class=\"NormalTextRun ContextualSpellingAndGrammarErrorV2Themed SCXW184885171 BCX0\">r\u00e9gime \u00bb<\/span><span class=\"NormalTextRun SCXW184885171 BCX0\"> pour effectuer vos mises \u00e0 jour<\/span><\/span>.[\/vc_column_text][vc_column_text]<\/p>\n<h2><span class=\"TextRun SCXW189696436 BCX0\" lang=\"FR-CA\" xml:lang=\"FR-CA\" data-contrast=\"auto\"><span class=\"NormalTextRun SCXW189696436 BCX0\">Si vous ne vous <\/span><span class=\"NormalTextRun SCXW189696436 BCX0\">adh\u00e9rez <\/span><span class=\"NormalTextRun SCXW189696436 BCX0\">pas<\/span><\/span><\/h2>\n<p><span class=\"NormalTextRun SCXW107234783 BCX0\">Si vous ne compl\u00e9tez pas votre <\/span><span class=\"NormalTextRun SCXW107234783 BCX0\">adh\u00e9sion <\/span><span class=\"NormalTextRun SCXW107234783 BCX0\">\u00e0 l&rsquo;assurance collective avant la date limite:<\/span><\/p>\n<div class=\"CAE-EEE-checklist vntd-icon-list icon-list-simple icon-list-basic icon-list-color-accent\">\n<ul class=\"icon-list\">\n<li><i class=\"fas fa-check color-accent\"><\/i><span class=\"TextRun SCXW266144236 BCX0\" lang=\"FR-CA\" xml:lang=\"FR-CA\" data-contrast=\"auto\"><span class=\"NormalTextRun SCXW266144236 BCX0\">Vous b\u00e9n\u00e9ficierez automatiquement d&rsquo;une couverture par d\u00e9faut, qui pourrait ne pas correspondre \u00e0 vos besoins personnels.<\/span><\/span><\/li>\n<li><i class=\"fas fa-check color-accent\"><\/i><span class=\"TextRun SCXW19695405 BCX0\" lang=\"FR-CA\" xml:lang=\"FR-CA\" data-contrast=\"auto\"><span class=\"NormalTextRun SCXW19695405 BCX0\">Les couvertures<\/span><\/span><strong><span class=\"TextRun SCXW19695405 BCX0\" lang=\"FR-CA\" xml:lang=\"FR-CA\" data-contrast=\"auto\"><span class=\"NormalTextRun SCXW19695405 BCX0\"> par d\u00e9faut<\/span><\/span><\/strong><span class=\"TextRun SCXW19695405 BCX0\" lang=\"FR-CA\" xml:lang=\"FR-CA\" data-contrast=\"auto\"><span class=\"NormalTextRun SCXW19695405 BCX0\"> comprennent <\/span><\/span>:\n<ul>\n<li><i class=\"fas fa-caret-right color-accent\"><\/i><strong><span class=\"TextRun SCXW221147980 BCX0\" lang=\"FR-CA\" xml:lang=\"FR-CA\" data-contrast=\"auto\"><span class=\"NormalTextRun SCXW221147980 BCX0\">Assurance vie de base<\/span><\/span><\/strong><\/li>\n<li><i class=\"fas fa-caret-right color-accent\"><\/i><strong><span class=\"NormalTextRun SCXW65654828 BCX0\">Soins <\/span><span class=\"NormalTextRun SCXW65654828 BCX0\">m\u00e9dicaux<\/span><span class=\"NormalTextRun SCXW65654828 BCX0\"> et dentaires de bas<\/span>e<\/strong><\/li>\n<li><i class=\"fas fa-caret-right color-accent\"><\/i><strong><span class=\"TextRun SCXW199984331 BCX0\" lang=\"FR-CA\" xml:lang=\"FR-CA\" data-contrast=\"auto\"><span class=\"NormalTextRun SCXW199984331 BCX0\">Couverture d&rsquo;invalidit\u00e9 de longue dur\u00e9e (ILD) de bas<\/span><\/span>e<\/strong><\/li>\n<\/ul>\n<\/li>\n<li><i class=\"fas fa-check color-accent\"><\/i><span class=\"TextRun SCXW88327187 BCX0\" lang=\"FR-CA\" xml:lang=\"FR-CA\" data-contrast=\"auto\"><span class=\"NormalTextRun SCXW88327187 BCX0\">Vous serez inscrit sans personnes \u00e0 charge (<\/span><\/span><span class=\"TextRun SCXW88327187 BCX0\" lang=\"FR-CA\" xml:lang=\"FR-CA\" data-contrast=\"auto\"><span class=\"NormalTextRun SCXW88327187 BCX0\">statut individuel<\/span><\/span><span class=\"TextRun SCXW88327187 BCX0\" lang=\"FR-CA\" xml:lang=\"FR-CA\" data-contrast=\"auto\"><span class=\"NormalTextRun SCXW88327187 BCX0\">).<\/span><\/span><\/li>\n<\/ul>\n<\/div>\n<h2>Important<\/h2>\n<div class=\"CAE-EEE-checklist vntd-icon-list icon-list-simple icon-list-basic icon-list-color-accent\">\n<ul class=\"icon-list\">\n<li><i class=\"fas fa-check color-accent\"><\/i>Pour l&rsquo;assurance collective, une fois les param\u00e8tres par d\u00e9faut appliqu\u00e9s, vous ne pouvez plus apporter de modifications avant la prochaine p\u00e9riode de renouvellement annuel, sauf en cas d&rsquo;\u00e9v\u00e9nement de la vie admissible.<\/li>\n<\/ul>\n<\/div>\n<p>Nous sommes l\u00e0 pour vous aider \u00e0 chaque \u00e9tape. Bienvenue \u00e0 nouveau chez CAE \u2014 nous sommes ravis de vous compter parmi nous![\/vc_column_text]<div class=\"vntd-icon-list icon-list-simple icon-list-basic icon-list-color-accent\"><ul class=\"icon-list\"><li><i class=\"fas fa-info-circle color-accent\"><\/i><\/li><\/ul><\/div>[\/vc_column][vc_column width=\u00a0\u00bb1\/2&Prime; el_class=\u00a0\u00bbCAE-BP-programs\u00a0\u00bb][vc_single_image image=\u00a0\u00bb7325&Prime; alignment=\u00a0\u00bbcenter\u00a0\u00bb][vc_column_text css=\u00a0\u00bb.vc_custom_1763138688712{padding-right: 30px !important;padding-left: 30px !important;}\u00a0\u00bb]<\/p>\n<div class=\"CAE-important-notice\">\n<p><span style=\"font-size: 1.12em; font-weight: bold;\"><strong><span class=\"TextRun SCXW176774108 BCX0\" lang=\"FR-CA\" xml:lang=\"FR-CA\" data-contrast=\"auto\"><span class=\"NormalTextRun SCXW176774108 BCX0\">Important : vos prochaines \u00e9tapes<\/span><\/span><\/strong><\/span><\/p>\n<p><span class=\"TextRun SCXW21745381 BCX0\" lang=\"FR-CA\" xml:lang=\"FR-CA\" data-contrast=\"auto\"><span class=\"NormalTextRun SCXW21745381 BCX0\">Vous disposez de <\/span><\/span><strong><span class=\"TextRun SCXW21745381 BCX0\" lang=\"FR-CA\" xml:lang=\"FR-CA\" data-contrast=\"auto\"><span class=\"NormalTextRun SCXW21745381 BCX0\">31 jours<\/span><\/span><\/strong><span class=\"TextRun SCXW21745381 BCX0\" lang=\"FR-CA\" xml:lang=\"FR-CA\" data-contrast=\"auto\"><span class=\"NormalTextRun SCXW21745381 BCX0\"> \u00e0 compter de la date de r\u00e9ception du courriel de bienvenue pour <\/span><span class=\"NormalTextRun SCXW21745381 BCX0\">faire votre adh\u00e9sion<\/span><span class=\"NormalTextRun SCXW21745381 BCX0\"> au <\/span><\/span><strong><span class=\"TextRun SCXW21745381 BCX0\" lang=\"FR-CA\" xml:lang=\"FR-CA\" data-contrast=\"auto\"><span class=\"NormalTextRun SCXW21745381 BCX0\">r\u00e9gime<\/span><span class=\"NormalTextRun SCXW21745381 BCX0\"> d&rsquo;assurance collective<\/span><\/span><\/strong><span class=\"TextRun SCXW21745381 BCX0\" lang=\"FR-CA\" xml:lang=\"FR-CA\" data-contrast=\"auto\"><span class=\"NormalTextRun SCXW21745381 BCX0\">. Ne vous inqui\u00e9tez pas, nous avons simplifi\u00e9 le processus et toutes les informations dont vous avez besoin se trouvent sur ce site. <span class=\"TextRun SCXW230809275 BCX0\" lang=\"FR-CA\" xml:lang=\"FR-CA\" data-contrast=\"auto\"><span class=\"NormalTextRun SCXW230809275 BCX0\">Tous les autres programmes sont facultatifs.<\/span><\/span><span class=\"EOP SCXW230809275 BCX0\" data-ccp-props=\"{&quot;201341983&quot;:0,&quot;335559740&quot;:278}\">\u00a0<\/span><\/span><\/span> Consultez ce <a href=\"https:\/\/select-benefits-integration-union.com\/wp-content\/uploads\/2025\/11\/New-Hires-Emails-from-Benefits-Providers_FREN.pdf\" target=\"_blank\" rel=\"noopener\" aria-label=\"This link opens pdf document in new tab\"><strong style=\"color: #000000; text-decoration: underline;\">document<\/strong><\/a> pour savoir quand vous recevrez chaque courriel de bienvenue de chaque fournisseur de services.<\/p>\n<\/div>\n<p>[\/vc_column_text][vc_column_text css=\u00a0\u00bb.vc_custom_1762844225006{padding-right: 30px !important;padding-left: 30px !important;}\u00a0\u00bb]<\/p>\n<div class=\"CAE-important-notice\">\n<p><span style=\"font-size: 1.12em; font-weight: bold;\"><strong>Pr\u00eat pour l\u2019adh\u00e9sion?<\/strong><\/span><\/p>\n<p>Allez sur le site <strong><a href=\"https:\/\/cae.seb-admin.com\/\" target=\"_blank\" rel=\"noopener\" aria-label=\"This link opens pdf document in new tab\">CAE MesAvantages<\/a>\u00a0<\/strong>&#8211; votre guichet unique pour acc<span style=\"font-size: 1.12em;\">\u00e9<\/span>der \u00e0 tous les sites Web des fournisseurs de services.<\/p>\n<\/div>\n<p>[\/vc_column_text][\/vc_column][\/vc_row][vc_row el_class=\u00a0\u00bbwhats-new-section1 hidden-icon-list-wrapper\u00a0\u00bb][vc_column el_class=\u00a0\u00bbwhats-new-section1-text\u00a0\u00bb]<div class=\"vntd-icon-list icon-list-simple icon-list-basic icon-list-color-accent\"><ul class=\"icon-list\"><li><i class=\"fas fa-info-circle color-accent\"><\/i><\/li><\/ul><\/div>[\/vc_column][\/vc_row]<\/p>\n","protected":false},"excerpt":{"rendered":"<p>[vc_row css=\u00a0\u00bb.vc_custom_1762985322044{padding-bottom: 0px !important;}\u00a0\u00bb el_class=\u00a0\u00bbwhats-new-section1 hidden-icon-list-wrapper\u00a0\u00bb][vc_column width=\u00a0\u00bb1\/2&Prime; el_class=\u00a0\u00bbwhats-new-section1-text\u00a0\u00bb][vc_column_text]Nous sommes ravis de vous accueillir au sein de notre \u00e9quipe dynamique. Chez CAE, nous nous engageons \u00e0 soutenir votre bien-\u00eatre physique, financier, social et \u00e9motionnel gr\u00e2ce \u00e0 une gamme de programmes et de ressources. [\/vc_column_text][vc_column_text] Avant de faire votre adh\u00e9sion Assurez-vous d&rsquo;\u00eatre [&hellip;]<\/p>\n","protected":false},"author":1,"featured_media":0,"parent":0,"menu_order":0,"comment_status":"closed","ping_status":"closed","template":"","meta":{"om_disable_all_campaigns":false,"_monsterinsights_skip_tracking":false,"_monsterinsights_sitenote_active":false,"_monsterinsights_sitenote_note":"","_monsterinsights_sitenote_category":0,"footnotes":""},"class_list":["post-7382","page","type-page","status-publish","hentry"],"aioseo_notices":[],"jetpack_sharing_enabled":true,"_links":{"self":[{"href":"https:\/\/select-benefits-integration-union.com\/fr\/wp-json\/wp\/v2\/pages\/7382","targetHints":{"allow":["GET"]}}],"collection":[{"href":"https:\/\/select-benefits-integration-union.com\/fr\/wp-json\/wp\/v2\/pages"}],"about":[{"href":"https:\/\/select-benefits-integration-union.com\/fr\/wp-json\/wp\/v2\/types\/page"}],"author":[{"embeddable":true,"href":"https:\/\/select-benefits-integration-union.com\/fr\/wp-json\/wp\/v2\/users\/1"}],"replies":[{"embeddable":true,"href":"https:\/\/select-benefits-integration-union.com\/fr\/wp-json\/wp\/v2\/comments?post=7382"}],"version-history":[{"count":10,"href":"https:\/\/select-benefits-integration-union.com\/fr\/wp-json\/wp\/v2\/pages\/7382\/revisions"}],"predecessor-version":[{"id":7554,"href":"https:\/\/select-benefits-integration-union.com\/fr\/wp-json\/wp\/v2\/pages\/7382\/revisions\/7554"}],"wp:attachment":[{"href":"https:\/\/select-benefits-integration-union.com\/fr\/wp-json\/wp\/v2\/media?parent=7382"}],"curies":[{"name":"wp","href":"https:\/\/api.w.org\/{rel}","templated":true}]}}