{"id":7356,"date":"2025-11-11T04:31:56","date_gmt":"2025-11-11T04:31:56","guid":{"rendered":"https:\/\/select-benefits-integration-union.com\/?page_id=7356"},"modified":"2025-11-17T16:09:51","modified_gmt":"2025-11-17T16:09:51","slug":"nouveautes-pour-2026","status":"publish","type":"page","link":"https:\/\/select-benefits-integration-union.com\/fr\/nouveautes-pour-2026\/","title":{"rendered":"Nouveaut\u00e9s\u00a0pour 2026\u00a0"},"content":{"rendered":"<p>[vc_row css=\u00a0\u00bb.vc_custom_1763051749464{padding-bottom: 5px !important;}\u00a0\u00bb el_class=\u00a0\u00bbwhats-new-section1 hidden-icon-list-wrapper\u00a0\u00bb el_id=\u00a0\u00bbwhats-new-banner-sec\u00a0\u00bb][vc_column width=\u00a0\u00bb1\/2&Prime; el_class=\u00a0\u00bbwhats-new-section1-text\u00a0\u00bb][vc_column_text]<\/p>\n<div class=\"whats-new-banner-head\">\n<p>Chaque ann\u00e9e, CAE proc\u00e8de \u00e0 une \u00e9valuation approfondie de son r\u00e9gime d\u2019assurance collective afin de r\u00e9pondre aux besoins \u00e9volutifs de ses employ\u00e9s en mati\u00e8re de sant\u00e9, de bien-\u00eatre et d\u2019accompagnement, tout en assurant la viabilit\u00e9 du r\u00e9gime. Pour 2026, des am\u00e9liorations ont \u00e9t\u00e9 apport\u00e9es afin de mieux soutenir les employ\u00e9s et leurs familles.<\/p>\n<\/div>\n<p>[\/vc_column_text][\/vc_column][vc_column width=\u00a0\u00bb1\/2&Prime; el_class=\u00a0\u00bbCAE-BP-programs DBPP-img\u00a0\u00bb][\/vc_column][\/vc_row][vc_row el_class=\u00a0\u00bbwhats-new-section1 hidden-icon-list-wrapper\u00a0\u00bb][vc_column css=\u00a0\u00bb.vc_custom_1763395603767{padding-top: 10px !important;padding-bottom: 30px !important;}\u00a0\u00bb][vc_column_text]<\/p>\n<div class=\"CAE-home-sec2\">\n<h2>Tests de laboratoire<\/h2>\n<p>\u00c0 compter du 1er janvier 2026, les employ\u00e9s syndiqu\u00e9s b\u00e9n\u00e9ficieront d\u2019une couverture \u00e0 100 % pour les tests de laboratoire (au lieu de 90 % et 100% pour les tests effectu\u00e9s sur le lieu de travail).<\/p>\n<\/div>\n<p>[\/vc_column_text]<div class=\"vntd-icon-list icon-list-simple icon-list-basic icon-list-color-accent\"><ul class=\"icon-list\"><li><i class=\"fas fa-info-circle color-accent\"><\/i><\/li><\/ul><\/div>[\/vc_column][\/vc_row][vc_row el_class=\u00a0\u00bbwhats-new-section1 hidden-icon-list-wrapper cae-greyhighlighted-sections\u00a0\u00bb css=\u00a0\u00bb.vc_custom_1763395780397{background-color: #f8f8f8 !important;}\u00a0\u00bb][vc_column width=\u00a0\u00bb1\/2&Prime;][vc_single_image image=\u00a0\u00bb7518&Prime; css=\u00a0\u00bb.vc_custom_1763395644713{padding-right: 20px !important;}\u00a0\u00bb][\/vc_column][vc_column width=\u00a0\u00bb1\/2&Prime;][vc_column_text]<\/p>\n<div class=\"CAE-home-sec2\">\n<h2>Assurance pour les voyages d\u2019affaires<\/h2>\n<p>La s\u00e9curit\u00e9 et le bien-\u00eatre des employ\u00e9s en d\u00e9placement pour CAE \u00e9tant une priorit\u00e9, la politique d\u2019assurance pour les voyages d\u2019affaires (BTA) a \u00e9t\u00e9 enti\u00e8rement revue afin de la rendre plus efficace et plus accessible. La nouvelle <strong>politique mondiale BTA<\/strong> a \u00e9t\u00e9 mise en place, rempla\u00e7ant plusieurs politiques locales par un <strong>processus unique et centralis\u00e9<\/strong>. D\u00e9sormais, en cas d\u2019urgence m\u00e9dicale ou s\u00e9curitaire lors d\u2019un voyage d\u2019affaires, les employ\u00e9s disposent d\u2019<strong>un seul point de contact : International SOS (ISOS)<\/strong> \u2013 notre prestataire d\u2019assistance.\u202fPour plus de d\u00e9tails, veuillez consultez la <strong><a style=\"color: #000; text-decoration: underline;\" href=\"https:\/\/select-benefits-integration-union.com\/fr\/assistance-voyage\/\">page Assistance-voyage<\/a><\/strong>.<\/p>\n<p>De plus, les employ\u00e9s peuvent maintenant g\u00e9n\u00e9rer eux-m\u00eames leur preuve de couverture d\u2019assurance pour les voyages d\u2019affaires. R\u00e9f\u00e9rez-vous \u00e0 la proc\u00e9dure sur la <a style=\"color: #000; text-decoration: underline;\" href=\"https:\/\/intranet.cae.com\/sites\/resources\/SitePageModern\/31178\/travel-services-page\" target=\"_blank\" rel=\"noopener\"><strong>page Services de voyage<\/strong><\/a> sur CAE360.<\/p>\n<\/div>\n<p>[\/vc_column_text]<div class=\"vntd-icon-list icon-list-simple icon-list-basic icon-list-color-accent\"><ul class=\"icon-list\"><li><i class=\"fas fa-info-circle color-accent\"><\/i><\/li><\/ul><\/div>[\/vc_column][\/vc_row][vc_row el_class=\u00a0\u00bbwhats-new-section1 hidden-icon-list-wrapper\u00a0\u00bb css=\u00a0\u00bb.vc_custom_1763395735798{padding-top: 30px !important;padding-bottom: 10px !important;}\u00a0\u00bb][vc_column css=\u00a0\u00bb.vc_custom_1763395741795{padding-top: 30px !important;padding-bottom: 30px !important;}\u00a0\u00bb][vc_column_text]<\/p>\n<div class=\"CAE-home-sec2\">\n<h2>Services d&rsquo;aide au deuil pour les b\u00e9n\u00e9ficiaires d&rsquo;assurance vie<\/h2>\n<div class=\"CAE-EEE-checklist vntd-icon-list icon-list-simple icon-list-basic icon-list-color-accent\">\n<p><span data-contrast=\"auto\"><span class=\"TextRun SCXW143921390 BCX0\" lang=\"FR-CA\" xml:lang=\"FR-CA\" data-contrast=\"auto\"><span class=\"NormalTextRun SCXW143921390 BCX0\">En cas de d\u00e9c\u00e8s d\u2019un assur\u00e9 ayant une assurance vie collective Sun Life,\u00a0<\/span><\/span><span class=\"TextRun SCXW143921390 BCX0\" lang=\"FR-CA\" xml:lang=\"FR-CA\" data-contrast=\"auto\"><em><strong><span class=\"NormalTextRun SpellingErrorV2Themed SCXW143921390 BCX0\">Empathy<\/span><\/strong><\/em><span class=\"NormalTextRun SCXW143921390 BCX0\"><em><strong>, une organisation sp\u00e9cialis\u00e9e dans le deuil<\/strong><\/em>,<\/span><\/span><span class=\"TextRun SCXW143921390 BCX0\" lang=\"FR-CA\" xml:lang=\"FR-CA\" data-contrast=\"auto\"><span class=\"NormalTextRun SCXW143921390 BCX0\"> offre aux b\u00e9n\u00e9ficiaires un soutien logistique et psychologique sans inscription pr\u00e9alable. L\u2019acc\u00e8s comprend un gestionnaire de soins, du soutien pour les fun\u00e9railles, des conseils en succession et finances, ainsi qu\u2019une aide dans les d\u00e9marches administratives.<\/span><\/span><\/span><\/p>\n<p><span data-contrast=\"auto\"><span class=\"TextRun SCXW143921390 BCX0\" lang=\"FR-CA\" xml:lang=\"FR-CA\" data-contrast=\"auto\"><span class=\"NormalTextRun SCXW143921390 BCX0\">Les b\u00e9n\u00e9ficiaires sont inform\u00e9s de leur admissibilit\u00e9 lors de la soumission de leur demande.\u00a0<\/span><span class=\"NormalTextRun CommentStart SCXW143921390 BCX0\">Consultez ce <a style=\"color: #000; text-decoration: underline;\" href=\"https:\/\/select-benefits-integration-union.com\/wp-content\/uploads\/2025\/11\/Empathy_flyer_FR.pdf\" target=\"_blank\" rel=\"noopener\"><strong>document<\/strong><\/a>\u00a0<\/span><\/span><span class=\"TextRun SCXW143921390 BCX0\" lang=\"FR-CA\" xml:lang=\"FR-CA\" data-contrast=\"auto\"><span class=\"NormalTextRun CommentHighlightPipeRest SCXW143921390 BCX0\">pour plus d&rsquo;informations.<\/span><\/span><\/span><\/p>\n<\/div>\n<\/div>\n<p>[\/vc_column_text]<div class=\"vntd-icon-list icon-list-simple icon-list-basic icon-list-color-accent\"><ul class=\"icon-list\"><li><i class=\"fas fa-info-circle color-accent\"><\/i><\/li><\/ul><\/div>[\/vc_column][\/vc_row][vc_row el_class=\u00a0\u00bbwhats-new-section1 hidden-icon-list-wrapper cae-greyhighlighted-sections\u00a0\u00bb css=\u00a0\u00bb.vc_custom_1763395788832{background-color: #f8f8f8 !important;}\u00a0\u00bb][vc_column width=\u00a0\u00bb1\/2&Prime;][vc_column_text]<\/p>\n<div class=\"CAE-home-sec2\">\n<h2>Programme d\u2019accompagnement pour l\u2019abandon du tabagisme<\/h2>\n<p><span class=\"TextRun SCXW108112927 BCX0\" lang=\"EN-CA\" xml:lang=\"EN-CA\" data-contrast=\"auto\"><span class=\"NormalTextRun SCXW108112927 BCX0\"><span class=\"NormalTextRun SCXW148006511 BCX0\">Sun Life\u00a0<\/span><span class=\"NormalTextRun SCXW148006511 BCX0\">offre\u00a0<\/span><span class=\"NormalTextRun SCXW148006511 BCX0\">gratuitement, partout au Canada et en partenariat avec l\u2019Institut de cardiologie de l\u2019Universit\u00e9 d\u2019Ottawa, un programme individuel en ligne pour aider les participants et leurs proches \u00e0 arr\u00eater de fumer ou de vapoter<\/span>.<\/span><\/span><\/p>\n<p><strong><span class=\"NormalTextRun SCXW37596311 BCX0\">Le programme e<\/span><span class=\"NormalTextRun SCXW37596311 BCX0\">n bref <\/span>:<\/strong><\/p>\n<div class=\"CAE-EEE-checklist vntd-icon-list icon-list-simple icon-list-basic icon-list-color-accent\">\n<ul class=\"icon-list\">\n<li><i class=\"fas fa-check color-accent\"><\/i>Encadrement par des sp\u00e9cialistes du traitement de la d\u00e9pendance \u00e0 la nicotine.<\/li>\n<li><i class=\"fas fa-check color-accent\"><\/i>Soutien sur 24 semaines, adapt\u00e9 \u00e0 toutes formes de tabac, y compris les cigarettes et le vapotage.<\/li>\n<li><i class=\"fas fa-check color-accent\"><\/i>Recommandations \u00e9ventuelles de m\u00e9dicaments selon la couverture de votre r\u00e9gime.<\/li>\n<li><i class=\"fas fa-check color-accent\"><\/i>Disponible en anglais et en fran\u00e7ais.<\/li>\n<\/ul>\n<\/div>\n<p>Consultez le <a style=\"color: #000; text-decoration: underline;\" href=\"https:\/\/select-benefits-integration-union.com\/wp-content\/uploads\/2025\/11\/cqp-patient-flyer-rtk-fr.pdf\" target=\"_blank\" rel=\"noopener\"><strong>document<\/strong><\/a> pour plus de d\u00e9tails et les modalit\u00e9s d\u2019inscription. .<\/p>\n<p>Nous vous rappelons que vous avez acc\u00e8s au <a style=\"color: #000; text-decoration: underline;\" href=\"https:\/\/select-benefits-integration-union.com\/fr\/programme-daide-aux-employes-et-a-leur-famille\/\" rel=\"noopener\" aria-label=\"This link opens Employee Assistance Program page in same tab\"><strong>programme d\u2019aide aux employ\u00e9s (PAE)<\/strong><\/a> ainsi qu\u2019au <a style=\"color: #000; text-decoration: underline;\" href=\"https:\/\/select-benefits-integration-union.com\/fr\/programme-de-bien-etre-physique\/\" rel=\"noopener\" aria-label=\"This link opens Employee Assistance Program page in same tab\"><strong>programme de bien-\u00eatre physique<\/strong><\/a>, deux ressources compl\u00e9mentaires pr\u00e9cieuses pour votre sant\u00e9 mentale et physique.<\/p>\n<\/div>\n<p>[\/vc_column_text]<div class=\"vntd-icon-list icon-list-simple icon-list-basic icon-list-color-accent\"><ul class=\"icon-list\"><li><i class=\"fas fa-info-circle color-accent\"><\/i><\/li><\/ul><\/div>[\/vc_column][vc_column width=\u00a0\u00bb1\/2&Prime;][vc_single_image image=\u00a0\u00bb7526&Prime; css=\u00a0\u00bb.vc_custom_1763395698700{padding-left: 20px !important;}\u00a0\u00bb][\/vc_column][\/vc_row]<\/p>\n","protected":false},"excerpt":{"rendered":"<p>[vc_row css=\u00a0\u00bb.vc_custom_1763051749464{padding-bottom: 5px !important;}\u00a0\u00bb el_class=\u00a0\u00bbwhats-new-section1 hidden-icon-list-wrapper\u00a0\u00bb el_id=\u00a0\u00bbwhats-new-banner-sec\u00a0\u00bb][vc_column width=\u00a0\u00bb1\/2&Prime; el_class=\u00a0\u00bbwhats-new-section1-text\u00a0\u00bb][vc_column_text] Chaque ann\u00e9e, CAE proc\u00e8de \u00e0 une \u00e9valuation approfondie de son r\u00e9gime d\u2019assurance collective afin de r\u00e9pondre aux besoins \u00e9volutifs de ses employ\u00e9s en mati\u00e8re de sant\u00e9, de bien-\u00eatre et d\u2019accompagnement, tout en assurant la viabilit\u00e9 du r\u00e9gime. Pour 2026, des am\u00e9liorations [&hellip;]<\/p>\n","protected":false},"author":1,"featured_media":0,"parent":0,"menu_order":0,"comment_status":"closed","ping_status":"closed","template":"","meta":{"om_disable_all_campaigns":false,"_monsterinsights_skip_tracking":false,"_monsterinsights_sitenote_active":false,"_monsterinsights_sitenote_note":"","_monsterinsights_sitenote_category":0,"footnotes":""},"class_list":["post-7356","page","type-page","status-publish","hentry"],"aioseo_notices":[],"jetpack_sharing_enabled":true,"_links":{"self":[{"href":"https:\/\/select-benefits-integration-union.com\/fr\/wp-json\/wp\/v2\/pages\/7356","targetHints":{"allow":["GET"]}}],"collection":[{"href":"https:\/\/select-benefits-integration-union.com\/fr\/wp-json\/wp\/v2\/pages"}],"about":[{"href":"https:\/\/select-benefits-integration-union.com\/fr\/wp-json\/wp\/v2\/types\/page"}],"author":[{"embeddable":true,"href":"https:\/\/select-benefits-integration-union.com\/fr\/wp-json\/wp\/v2\/users\/1"}],"replies":[{"embeddable":true,"href":"https:\/\/select-benefits-integration-union.com\/fr\/wp-json\/wp\/v2\/comments?post=7356"}],"version-history":[{"count":10,"href":"https:\/\/select-benefits-integration-union.com\/fr\/wp-json\/wp\/v2\/pages\/7356\/revisions"}],"predecessor-version":[{"id":7544,"href":"https:\/\/select-benefits-integration-union.com\/fr\/wp-json\/wp\/v2\/pages\/7356\/revisions\/7544"}],"wp:attachment":[{"href":"https:\/\/select-benefits-integration-union.com\/fr\/wp-json\/wp\/v2\/media?parent=7356"}],"curies":[{"name":"wp","href":"https:\/\/api.w.org\/{rel}","templated":true}]}}