{"id":7330,"date":"2025-11-11T03:38:59","date_gmt":"2025-11-11T03:38:59","guid":{"rendered":"https:\/\/select-benefits-integration-union.com\/?page_id=7330"},"modified":"2025-11-14T18:11:48","modified_gmt":"2025-11-14T18:11:48","slug":"renouvellement-annuel","status":"publish","type":"page","link":"https:\/\/select-benefits-integration-union.com\/fr\/renouvellement-annuel\/","title":{"rendered":"Renouvellement annuel"},"content":{"rendered":"<p>[vc_row css=\u00a0\u00bb.vc_custom_1761156409061{padding-bottom: 5px !important;}\u00a0\u00bb el_class=\u00a0\u00bbwhats-new-section1 hidden-icon-list-wrapper\u00a0\u00bb][vc_column width=\u00a0\u00bb1\/2&Prime; el_class=\u00a0\u00bbwhats-new-section1-text\u00a0\u00bb][vc_column_text]<\/p>\n<div class=\"CAE-home-sec2\">\n<h2><span class=\"TextRun SCXW142585967 BCX0\" lang=\"FR-CA\" xml:lang=\"FR-CA\" data-contrast=\"auto\"><span class=\"NormalTextRun SCXW142585967 BCX0\">Il est temps d\u2019agir!<\/span><\/span><\/h2>\n<p><span class=\"TextRun SCXW230460782 BCX0\" lang=\"FR-CA\" xml:lang=\"FR-CA\" data-contrast=\"auto\"><span class=\"NormalTextRun SCXW230460782 BCX0\">C\u2019est le moment d<\/span><span class=\"NormalTextRun SCXW230460782 BCX0\">\u2019effectuer votre renouvellement annuel<\/span><span class=\"NormalTextRun SCXW230460782 BCX0\">! Vous pouvez choisir vos\u00a0<\/span><span class=\"NormalTextRun SCXW230460782 BCX0\">couvertures d\u2019assurance collective\u00a0<\/span><span class=\"NormalTextRun SCXW230460782 BCX0\">pour 2026 du\u00a0<\/span><\/span><strong><span class=\"TextRun SCXW230460782 BCX0\" lang=\"FR-CA\" xml:lang=\"FR-CA\" data-contrast=\"auto\"><span class=\"NormalTextRun SCXW230460782 BCX0\">18 novembre au 2 d\u00e9cembre 2025<\/span><\/span><\/strong><span class=\"TextRun SCXW230460782 BCX0\" lang=\"FR-CA\" xml:lang=\"FR-CA\" data-contrast=\"auto\"><span class=\"NormalTextRun SCXW230460782 BCX0\">.<\/span><\/span><span class=\"EOP SCXW230460782 BCX0\" data-ccp-props=\"{&quot;201341983&quot;:0,&quot;335559740&quot;:278}\">\u00a0<\/span><\/p>\n<p><span class=\"TextRun SCXW243611606 BCX0\" lang=\"FR-CA\" xml:lang=\"FR-CA\" data-contrast=\"auto\"><span class=\"NormalTextRun SCXW243611606 BCX0\">C\u2019est l\u2019occasion pour vous d\u2019examiner et de choisir la couverture dont vous et votre famille aurez besoin pour l\u2019ann\u00e9e \u00e0 venir.\u00a0<\/span><\/span><strong><span class=\"TextRun SCXW243611606 BCX0\" lang=\"FR-CA\" xml:lang=\"FR-CA\" data-contrast=\"auto\"><span class=\"NormalTextRun SCXW243611606 BCX0\">Vos choix seront effectifs du 1er janvier 2026 au 31 d\u00e9cembre 2026.<\/span><\/span><\/strong><\/p>\n<p><span class=\"NormalTextRun SCXW129277858 BCX0\">Lorsque vous faites vos choix, veillez \u00e0 tenir compte de tout changement dans votre vie ou votre situation familiale afin de vous assurer que vos\u00a0<\/span><span class=\"NormalTextRun SCXW129277858 BCX0\">couvertures d\u2019assurance<\/span><span class=\"NormalTextRun SCXW129277858 BCX0\">\u00a0r\u00e9pondent \u00e0 vos besoins.<\/span><\/p>\n<p><span class=\"TextRun SCXW5398722 BCX0\" lang=\"FR-CA\" xml:lang=\"FR-CA\" data-contrast=\"auto\"><span class=\"NormalTextRun SCXW5398722 BCX0\">C\u2019est \u00e9galement le moment id\u00e9al pour revoir et mettre \u00e0 jour vos b\u00e9n\u00e9ficiaires!<\/span><\/span><\/p>\n<\/div>\n<p>[\/vc_column_text][\/vc_column][vc_column width=\u00a0\u00bb1\/2&Prime; el_class=\u00a0\u00bbCAE-BP-programs DBPP-img\u00a0\u00bb][vc_single_image image=\u00a0\u00bb7323&Prime; alignment=\u00a0\u00bbcenter\u00a0\u00bb][\/vc_column][\/vc_row][vc_row el_class=\u00a0\u00bbwhats-new-section1 hidden-icon-list-wrapper\u00a0\u00bb][vc_column][vc_column_text]<\/p>\n<div class=\"CAE-home-sec2\">\n<h2 style=\"font-size: 30px;\">Pour vous aider \u00e0 vous pr\u00e9parer\u202f:<\/h2>\n<div class=\"CAE-EEE-checklist vntd-icon-list icon-list-simple icon-list-basic icon-list-color-accent\">\n<ul class=\"icon-list\">\n<li><i class=\"fas fa-check color-accent\"><\/i>Consultez la page <a style=\"color: #000; text-decoration: underline;\" href=\"https:\/\/select-benefits-integration-union.com\/fr\/nouveautes\/\"><strong>Nouveaut\u00e9s pour 2026<\/strong><\/a> pour en savoir plus sur les mises \u00e0 jour et les changements.<\/li>\n<li><i class=\"fas fa-check color-accent\"><\/i>Utilisez <a style=\"color: #000; text-decoration: underline;\" href=\"https:\/\/select-benefits-integration-union.com\/fr\/aide-memoire-ra\/\"><strong>l\u2019aide-m\u00e9moire<\/strong><\/a> pour le renouvellement annuel afin de vous assurer que vous avez bien suivi toutes les \u00e9tapes.<\/li>\n<\/ul>\n<\/div>\n<p>Lorsque vous \u00eates pr\u00eat, connectez-vous \u00e0\u00a0<a style=\"color: #000; text-decoration: underline;\" href=\"https:\/\/cae.seb-admin.com\/\" target=\"_blank\" rel=\"noopener\"><strong>CAE MesAvantages<\/strong><\/a>, cliquez sur \u00ab R\u00e9gime d&rsquo;assurance collective \u00bb, puis sur \u00ab Site web de l&rsquo;administrateur du r\u00e9gime \u00bb et commencez votre renouvellement.<\/p>\n<p>Si vous ne renouvelez pas votre adh\u00e9sion :<\/p>\n<div class=\"CAE-EEE-checklist vntd-icon-list icon-list-simple icon-list-basic icon-list-color-accent\">\n<ul class=\"icon-list\">\n<li><i class=\"fas fa-check color-accent\"><\/i>Vous conserverez la m\u00eame cat\u00e9gorie de couverture et les m\u00eames protections.<\/li>\n<li><i class=\"fas fa-check color-accent\"><\/i>Vous ne pourrez pas modifier votre couverture avant le renouvellement de l\u2019ann\u00e9e suivante, sauf si vous vivez un \u00e9v\u00e9nement de la vie admissible.<\/li>\n<\/ul>\n<\/div>\n<\/div>\n<p>[\/vc_column_text]<div class=\"vntd-icon-list icon-list-simple icon-list-basic icon-list-color-accent\"><ul class=\"icon-list\"><li><i class=\"fas fa-info-circle color-accent\"><\/i><\/li><\/ul><\/div>[\/vc_column][\/vc_row][vc_row][vc_column][vc_column_text]<\/p>\n<p>[\/vc_column_text][\/vc_column][\/vc_row][vc_row][vc_column][vc_column_text]<\/p>\n<p>[\/vc_column_text][\/vc_column][\/vc_row]<\/p>\n","protected":false},"excerpt":{"rendered":"<p>[vc_row css=\u00a0\u00bb.vc_custom_1761156409061{padding-bottom: 5px !important;}\u00a0\u00bb el_class=\u00a0\u00bbwhats-new-section1 hidden-icon-list-wrapper\u00a0\u00bb][vc_column width=\u00a0\u00bb1\/2&Prime; el_class=\u00a0\u00bbwhats-new-section1-text\u00a0\u00bb][vc_column_text] Il est temps d\u2019agir! C\u2019est le moment d\u2019effectuer votre renouvellement annuel! Vous pouvez choisir vos\u00a0couvertures d\u2019assurance collective\u00a0pour 2026 du\u00a018 novembre au 2 d\u00e9cembre 2025.\u00a0 C\u2019est l\u2019occasion pour vous d\u2019examiner et de choisir la couverture dont vous et votre famille aurez besoin pour [&hellip;]<\/p>\n","protected":false},"author":1,"featured_media":0,"parent":0,"menu_order":0,"comment_status":"closed","ping_status":"closed","template":"","meta":{"om_disable_all_campaigns":false,"_monsterinsights_skip_tracking":false,"_monsterinsights_sitenote_active":false,"_monsterinsights_sitenote_note":"","_monsterinsights_sitenote_category":0,"footnotes":""},"class_list":["post-7330","page","type-page","status-publish","hentry"],"aioseo_notices":[],"jetpack_sharing_enabled":true,"_links":{"self":[{"href":"https:\/\/select-benefits-integration-union.com\/fr\/wp-json\/wp\/v2\/pages\/7330","targetHints":{"allow":["GET"]}}],"collection":[{"href":"https:\/\/select-benefits-integration-union.com\/fr\/wp-json\/wp\/v2\/pages"}],"about":[{"href":"https:\/\/select-benefits-integration-union.com\/fr\/wp-json\/wp\/v2\/types\/page"}],"author":[{"embeddable":true,"href":"https:\/\/select-benefits-integration-union.com\/fr\/wp-json\/wp\/v2\/users\/1"}],"replies":[{"embeddable":true,"href":"https:\/\/select-benefits-integration-union.com\/fr\/wp-json\/wp\/v2\/comments?post=7330"}],"version-history":[{"count":6,"href":"https:\/\/select-benefits-integration-union.com\/fr\/wp-json\/wp\/v2\/pages\/7330\/revisions"}],"predecessor-version":[{"id":7509,"href":"https:\/\/select-benefits-integration-union.com\/fr\/wp-json\/wp\/v2\/pages\/7330\/revisions\/7509"}],"wp:attachment":[{"href":"https:\/\/select-benefits-integration-union.com\/fr\/wp-json\/wp\/v2\/media?parent=7330"}],"curies":[{"name":"wp","href":"https:\/\/api.w.org\/{rel}","templated":true}]}}