{"id":7015,"date":"2025-10-01T14:44:55","date_gmt":"2025-10-01T14:44:55","guid":{"rendered":"https:\/\/select-benefits-integration-union.com\/?page_id=7015"},"modified":"2025-10-01T14:48:51","modified_gmt":"2025-10-01T14:48:51","slug":"retraite-et-epargne-chez-cae","status":"publish","type":"page","link":"https:\/\/select-benefits-integration-union.com\/fr\/retraite-et-epargne-chez-cae\/","title":{"rendered":"Retraite et \u00e9pargne chez CAE"},"content":{"rendered":"<p>[vc_row][vc_column][vc_column_text]<\/p>\n<div class=\"CAE-div\">\n<p>Chez CAE, nous savons que la planification de votre avenir est un \u00e9l\u00e9ment essentiel de votre r\u00e9mun\u00e9ration globale. Nos programmes de retraite et d\u2019\u00e9pargne sont con\u00e7us pour vous aider \u00e0 b\u00e2tir une s\u00e9curit\u00e9 financi\u00e8re durable, aujourd\u2019hui et pour les ann\u00e9es \u00e0 venir.<\/p>\n<p>Que vous recherchiez une retraite fiable, des occasions d\u2019investir dans la croissance de CAE ou des r\u00e9gimes flexibles, vous trouverez des options qui r\u00e9pondent \u00e0 vos besoins.<\/p>\n<p>Les r\u00e9gimes ci-dessous constituent une base solide pour assurer votre bien-\u00eatre financier, aujourd\u2019hui et demain.<\/p>\n<\/div>\n<p>[\/vc_column_text][\/vc_column][\/vc_row][vc_row css=\u00a0\u00bb.vc_custom_1759243957432{padding-top: 30px !important;padding-bottom: 40px !important;}\u00a0\u00bb][vc_column width=\u00a0\u00bb1\/4&Prime;][vc_column_text]<\/p>\n<div class=\"custom-text-block-pns\">\n<h2>R\u00e9gime de retraite \u00e0 prestations d\u00e9termin\u00e9es<\/h2>\n<p>Un revenu de retraite fiable bas\u00e9 sur vos ann\u00e9es de service et vos gains..<\/p>\n<p><a href=\"https:\/\/select-benefits-integration-union.com\/fr\/regime-de-retraite-a-prestations-determinees\/\">En savoir plus<\/a><\/p>\n<\/div>\n<p>[\/vc_column_text][\/vc_column][vc_column width=\u00a0\u00bb1\/4&Prime;][vc_column_text]<\/p>\n<div class=\"custom-text-block-pns\">\n<h2>R\u00e9gime d\u2019achat d\u2019actions du personnel<\/h2>\n<p>Investissez dans le succ\u00e8s de CAE en devenant actionnaire.<\/p>\n<p><a href=\"https:\/\/select-benefits-integration-union.com\/fr\/regime-dachat-dactions\/\">En savoir plus<\/a><\/p>\n<\/div>\n<p>[\/vc_column_text][\/vc_column][vc_column width=\u00a0\u00bb1\/4&Prime;][vc_column_text]<\/p>\n<div class=\"custom-text-block-pns\">\n<h2>R\u00e9gime enregistr\u00e9 d\u2019\u00e9pargne-retraite (REER) collectif<\/h2>\n<p>\u00c9pargnez pour votre retraite avec des cotisations par retenues salariales avant imp\u00f4ts.<\/p>\n<p><a href=\"https:\/\/select-benefits-integration-union.com\/fr\/regime-enregistre-depargne-retraite-collectif\/\">En savoir plus<\/a><\/p>\n<\/div>\n<p>[\/vc_column_text][\/vc_column][vc_column width=\u00a0\u00bb1\/4&Prime;][vc_column_text]<\/p>\n<div class=\"custom-text-block-pns\">\n<h2>Compte d\u2019\u00e9pargne libre d\u2019imp\u00f4t (CELI) collectif<\/h2>\n<p>Constituez votre \u00e9pargne gr\u00e2ce \u00e0 une croissance libre d\u2019imp\u00f4t de vos placements et \u00e0 un acc\u00e8s flexible aux fonds.<\/p>\n<p><a href=\"https:\/\/select-benefits-integration-union.com\/fr\/compte-depargne-libre-dimpot-celi-collectif\/\">En savoir plus<\/a><\/p>\n<\/div>\n<p>[\/vc_column_text][\/vc_column][\/vc_row]<\/p>\n","protected":false},"excerpt":{"rendered":"<p>[vc_row][vc_column][vc_column_text] Chez CAE, nous savons que la planification de votre avenir est un \u00e9l\u00e9ment essentiel de votre r\u00e9mun\u00e9ration globale. Nos programmes de retraite et d\u2019\u00e9pargne sont con\u00e7us pour vous aider \u00e0 b\u00e2tir une s\u00e9curit\u00e9 financi\u00e8re durable, aujourd\u2019hui et pour les ann\u00e9es \u00e0 venir. Que vous recherchiez une retraite fiable, des [&hellip;]<\/p>\n","protected":false},"author":1,"featured_media":0,"parent":0,"menu_order":0,"comment_status":"closed","ping_status":"closed","template":"","meta":{"om_disable_all_campaigns":false,"_monsterinsights_skip_tracking":false,"_monsterinsights_sitenote_active":false,"_monsterinsights_sitenote_note":"","_monsterinsights_sitenote_category":0,"footnotes":""},"class_list":["post-7015","page","type-page","status-publish","hentry"],"aioseo_notices":[],"jetpack_sharing_enabled":true,"_links":{"self":[{"href":"https:\/\/select-benefits-integration-union.com\/fr\/wp-json\/wp\/v2\/pages\/7015","targetHints":{"allow":["GET"]}}],"collection":[{"href":"https:\/\/select-benefits-integration-union.com\/fr\/wp-json\/wp\/v2\/pages"}],"about":[{"href":"https:\/\/select-benefits-integration-union.com\/fr\/wp-json\/wp\/v2\/types\/page"}],"author":[{"embeddable":true,"href":"https:\/\/select-benefits-integration-union.com\/fr\/wp-json\/wp\/v2\/users\/1"}],"replies":[{"embeddable":true,"href":"https:\/\/select-benefits-integration-union.com\/fr\/wp-json\/wp\/v2\/comments?post=7015"}],"version-history":[{"count":3,"href":"https:\/\/select-benefits-integration-union.com\/fr\/wp-json\/wp\/v2\/pages\/7015\/revisions"}],"predecessor-version":[{"id":7018,"href":"https:\/\/select-benefits-integration-union.com\/fr\/wp-json\/wp\/v2\/pages\/7015\/revisions\/7018"}],"wp:attachment":[{"href":"https:\/\/select-benefits-integration-union.com\/fr\/wp-json\/wp\/v2\/media?parent=7015"}],"curies":[{"name":"wp","href":"https:\/\/api.w.org\/{rel}","templated":true}]}}