{"id":6726,"date":"2024-11-11T16:18:56","date_gmt":"2024-11-11T16:18:56","guid":{"rendered":"https:\/\/select-benefits-integration-union.com\/?page_id=6726"},"modified":"2025-08-09T05:03:14","modified_gmt":"2025-08-09T05:03:14","slug":"pharmacie-virtuelle","status":"publish","type":"page","link":"https:\/\/select-benefits-integration-union.com\/fr\/pharmacie-virtuelle\/","title":{"rendered":"Pharmacie virtuelle"},"content":{"rendered":"<p>[vc_row css=\u00a0\u00bb.vc_custom_1657223677205{padding-bottom: 20px !important;}\u00a0\u00bb el_class=\u00a0\u00bbwhats-new-section1 hidden-icon-list-wrapper\u00a0\u00bb][vc_column width=\u00a0\u00bb1\/2&Prime; el_class=\u00a0\u00bbwhats-new-section1-text\u00a0\u00bb][vc_column_text]Obtenez votre soutien pharmaceutique gr\u00e2ce \u00e0 la pharmacie virtuelle, un service facultatif offert aux participants du r\u00e9gime de la Sun Life. Le service permet de commander des m\u00e9dicaments en ligne, de clavarder avec des pharmaciens fiables et comp\u00e9tents et de se faire livrer les m\u00e9dicaments admissibles \u00e0 domicile.<\/p>\n<p>Employ\u00e9s \u00e0 l\u2019ext\u00e9rieur du Qu\u00e9bec :<\/p>\n<div class=\"CAE-EEE-checklist vntd-icon-list icon-list-simple icon-list-basic icon-list-color-accent CAE-circle-bullets\">\n<ul class=\"icon-list\">\n<li><i class=\"fas fa-circle color-accent\"><\/i>La pharmacie virtuelle est fournie par Pillway, une pharmacie canadienne enregistr\u00e9e, r\u00e9gie par l\u2019Ordre des pharmaciens de l\u2019Ontario et le College of Pharmacists of BC.<\/li>\n<li><i class=\"fas fa-circle color-accent\"><\/i>Pour plus d\u2019informations sur ce service, visitez le <a style=\"text-decoration: underline;\" href=\"https:\/\/luminosante.sunlife.ca\/s\/lumino-health-pharmacy?language=fr\" target=\"_blank\" rel=\"noopener\">site de la pharmacie virtuelle<\/a>, par Pillway.<\/li>\n<\/ul>\n<\/div>\n<p>Employ\u00e9s au Qu\u00e9bec :<\/p>\n<div class=\"CAE-EEE-checklist vntd-icon-list icon-list-simple icon-list-basic icon-list-color-accent CAE-circle-bullets\">\n<ul class=\"icon-list\">\n<li><i class=\"fas fa-circle color-accent\"><\/i>Les services pharmaceutiques offerts au Qu\u00e9bec dans le cadre de la Plateforme de services de pharmacie sont fournis exclusivement par les pharmaciens de la Pharmacie Abd-El-Monem Osman, Inc. appartenant \u00e0 Abd-El-Monem Osman. La Pharmacie Abd-El-Monem Osman, Inc. est une pharmacie qu\u00e9b\u00e9coise enregistr\u00e9e, r\u00e9gie par l\u2019Ordre des pharmaciens du Qu\u00e9bec.<\/li>\n<li><i class=\"fas fa-circle color-accent\"><\/i>Pour plus d\u2019informations sur ce service, visitez le <a style=\"text-decoration: underline;\" href=\"https:\/\/luminosante.sunlife.ca\/s\/pharmacy-qc?language=fr\" target=\"_blank\" rel=\"noopener\">site de la platforme de services de pharmacie du Qu\u00e9bec<\/a>.<\/li>\n<\/ul>\n<\/div>\n<p>[\/vc_column_text]<div class=\"vntd-icon-list icon-list-simple icon-list-basic icon-list-color-accent\"><ul class=\"icon-list\"><li><i class=\"fas fa-info-circle color-accent\"><\/i><\/li><\/ul><\/div>[\/vc_column][vc_column width=\u00a0\u00bb1\/2&Prime; el_class=\u00a0\u00bbCAE-BP-programs DBPP-img\u00a0\u00bb][vc_single_image image=\u00a0\u00bb6731&Prime; alignment=\u00a0\u00bbcenter\u00a0\u00bb][\/vc_column][\/vc_row]<\/p>\n","protected":false},"excerpt":{"rendered":"<p>[vc_row css=\u00a0\u00bb.vc_custom_1657223677205{padding-bottom: 20px !important;}\u00a0\u00bb el_class=\u00a0\u00bbwhats-new-section1 hidden-icon-list-wrapper\u00a0\u00bb][vc_column width=\u00a0\u00bb1\/2&Prime; el_class=\u00a0\u00bbwhats-new-section1-text\u00a0\u00bb][vc_column_text]Obtenez votre soutien pharmaceutique gr\u00e2ce \u00e0 la pharmacie virtuelle, un service facultatif offert aux participants du r\u00e9gime de la Sun Life. Le service permet de commander des m\u00e9dicaments en ligne, de clavarder avec des pharmaciens fiables et comp\u00e9tents et de se faire livrer [&hellip;]<\/p>\n","protected":false},"author":1,"featured_media":0,"parent":0,"menu_order":0,"comment_status":"closed","ping_status":"closed","template":"","meta":{"om_disable_all_campaigns":false,"_monsterinsights_skip_tracking":false,"_monsterinsights_sitenote_active":false,"_monsterinsights_sitenote_note":"","_monsterinsights_sitenote_category":0,"footnotes":""},"class_list":["post-6726","page","type-page","status-publish","hentry"],"aioseo_notices":[],"jetpack_sharing_enabled":true,"_links":{"self":[{"href":"https:\/\/select-benefits-integration-union.com\/fr\/wp-json\/wp\/v2\/pages\/6726","targetHints":{"allow":["GET"]}}],"collection":[{"href":"https:\/\/select-benefits-integration-union.com\/fr\/wp-json\/wp\/v2\/pages"}],"about":[{"href":"https:\/\/select-benefits-integration-union.com\/fr\/wp-json\/wp\/v2\/types\/page"}],"author":[{"embeddable":true,"href":"https:\/\/select-benefits-integration-union.com\/fr\/wp-json\/wp\/v2\/users\/1"}],"replies":[{"embeddable":true,"href":"https:\/\/select-benefits-integration-union.com\/fr\/wp-json\/wp\/v2\/comments?post=6726"}],"version-history":[{"count":7,"href":"https:\/\/select-benefits-integration-union.com\/fr\/wp-json\/wp\/v2\/pages\/6726\/revisions"}],"predecessor-version":[{"id":6871,"href":"https:\/\/select-benefits-integration-union.com\/fr\/wp-json\/wp\/v2\/pages\/6726\/revisions\/6871"}],"wp:attachment":[{"href":"https:\/\/select-benefits-integration-union.com\/fr\/wp-json\/wp\/v2\/media?parent=6726"}],"curies":[{"name":"wp","href":"https:\/\/api.w.org\/{rel}","templated":true}]}}