{"id":6542,"date":"2024-02-06T17:35:10","date_gmt":"2024-02-06T17:35:10","guid":{"rendered":"https:\/\/select-benefits-integration-union.com\/?page_id=6542"},"modified":"2024-11-11T21:00:01","modified_gmt":"2024-11-11T21:00:01","slug":"programme-daide-aux-employes-et-a-leur-famille","status":"publish","type":"page","link":"https:\/\/select-benefits-integration-union.com\/fr\/programme-daide-aux-employes-et-a-leur-famille\/","title":{"rendered":"Programme d\u2019aide aux employ\u00e9s"},"content":{"rendered":"<p>[vc_row css=\u00a0\u00bb.vc_custom_1717165496924{padding-bottom: 40px !important;}\u00a0\u00bb][vc_column][vc_row_inner el_id=\u00a0\u00bbTELUS-video-testimonials\u00a0\u00bb el_class=\u00a0\u00bbTELUS-video-testimonials\u00a0\u00bb][vc_column_inner width=\u00a0\u00bb2\/3&Prime;][vc_column_text]<\/p>\n<div class=\"CAE-virtual-care\">\n<div class=\"CAE-virtual-care\">\n<div class=\"CAE-virtual-care\">\n<h2>Faites un premier pas vers le changement!<\/h2>\n<p>CAE collabore avec Resources For Living pour vous offrir un programme d\u2019aide aux employ\u00e9s (PAE) confidentiel et sans frais. Le programme est offert gratuitement \u00e0 vous et \u00e0 tous les membres de votre foyer. Les enfants vivant hors du foyer familial sont couverts jusqu\u2019\u00e0 l\u2019\u00e2ge de 26 ans.<\/p>\n<p>L\u2019acc\u00e8s au PAE vous procure un soutien imm\u00e9diat et confidentiel, vous aidant \u00e0 r\u00e9soudre des probl\u00e8mes au travail, de sant\u00e9 ou personnels et ainsi am\u00e9liorer votre vie. Laissez-vous aider \u00e0 trouver des solutions pour atteindre vos objectifs, peu importe votre \u00e2ge ou l\u2019\u00e9tape que vous franchissez dans votre vie.<\/p>\n<p>Vous pouvez acc\u00e9der \u00e0 la plateforme par le <strong><a style=\"color: #000; text-decoration: underline;\" href=\"https:\/\/resourcesforliving.com\/CAEGlobal\" target=\"_blank\" rel=\"noopener\">site web<\/a><\/strong> ou en t\u00e9l\u00e9chargeant l&rsquo;application mobile iConnectYou.<\/p>\n<p>Le PAE est aussi accessible par t\u00e9l\u00e9phone en tout temps, 24 h\/24, 7 j\/7, tous les jours de l\u2019ann\u00e9e, en passant par le centre d\u2019appel de CAE au 1-888-878-9636, option 1 apr\u00e8s avoir choisi la langue.<\/p>\n<\/div>\n<\/div>\n<\/div>\n<p>[\/vc_column_text][\/vc_column_inner][vc_column_inner width=\u00a0\u00bb1\/3&Prime;][vc_single_image image=\u00a0\u00bb6740&Prime; alignment=\u00a0\u00bbcenter\u00a0\u00bb][\/vc_column_inner][\/vc_row_inner][\/vc_column][\/vc_row]<\/p>\n","protected":false},"excerpt":{"rendered":"<p>[vc_row css=\u00a0\u00bb.vc_custom_1717165496924{padding-bottom: 40px !important;}\u00a0\u00bb][vc_column][vc_row_inner el_id=\u00a0\u00bbTELUS-video-testimonials\u00a0\u00bb el_class=\u00a0\u00bbTELUS-video-testimonials\u00a0\u00bb][vc_column_inner width=\u00a0\u00bb2\/3&Prime;][vc_column_text] Faites un premier pas vers le changement! CAE collabore avec Resources For Living pour vous offrir un programme d\u2019aide aux employ\u00e9s (PAE) confidentiel et sans frais. Le programme est offert gratuitement \u00e0 vous et \u00e0 tous les membres de votre foyer. Les enfants [&hellip;]<\/p>\n","protected":false},"author":1,"featured_media":0,"parent":0,"menu_order":0,"comment_status":"closed","ping_status":"closed","template":"","meta":{"om_disable_all_campaigns":false,"_monsterinsights_skip_tracking":false,"_monsterinsights_sitenote_active":false,"_monsterinsights_sitenote_note":"","_monsterinsights_sitenote_category":0,"footnotes":""},"class_list":["post-6542","page","type-page","status-publish","hentry"],"aioseo_notices":[],"jetpack_sharing_enabled":true,"_links":{"self":[{"href":"https:\/\/select-benefits-integration-union.com\/fr\/wp-json\/wp\/v2\/pages\/6542","targetHints":{"allow":["GET"]}}],"collection":[{"href":"https:\/\/select-benefits-integration-union.com\/fr\/wp-json\/wp\/v2\/pages"}],"about":[{"href":"https:\/\/select-benefits-integration-union.com\/fr\/wp-json\/wp\/v2\/types\/page"}],"author":[{"embeddable":true,"href":"https:\/\/select-benefits-integration-union.com\/fr\/wp-json\/wp\/v2\/users\/1"}],"replies":[{"embeddable":true,"href":"https:\/\/select-benefits-integration-union.com\/fr\/wp-json\/wp\/v2\/comments?post=6542"}],"version-history":[{"count":10,"href":"https:\/\/select-benefits-integration-union.com\/fr\/wp-json\/wp\/v2\/pages\/6542\/revisions"}],"predecessor-version":[{"id":6742,"href":"https:\/\/select-benefits-integration-union.com\/fr\/wp-json\/wp\/v2\/pages\/6542\/revisions\/6742"}],"wp:attachment":[{"href":"https:\/\/select-benefits-integration-union.com\/fr\/wp-json\/wp\/v2\/media?parent=6542"}],"curies":[{"name":"wp","href":"https:\/\/api.w.org\/{rel}","templated":true}]}}