{"id":6156,"date":"2023-02-28T19:13:09","date_gmt":"2023-02-28T19:13:09","guid":{"rendered":"https:\/\/select-benefits-integration-union.com\/?page_id=6156"},"modified":"2024-02-27T15:52:28","modified_gmt":"2024-02-27T15:52:28","slug":"invalidite-de-courte-duree","status":"publish","type":"page","link":"https:\/\/select-benefits-integration-union.com\/fr\/invalidite-de-courte-duree\/","title":{"rendered":"Invalidit\u00e9 de courte dur\u00e9e"},"content":{"rendered":"<p>[vc_row el_class=\u00a0\u00bbhidden-icon-list-wrapper\u00a0\u00bb][vc_column width=\u00a0\u00bb1\/2&Prime;][vc_column_text]<\/p>\n<div class=\"CAE-visible-icons vntd-icon-list icon-list-simple icon-list-basic icon-list-color-accent\">\n<ul class=\"icon-list\">\n<li><i class=\"fas fa-check color-accent\"><\/i>Couverture totalement \u00e0 la charge de CAE<\/li>\n<li>Admissibilit\u00e9 apr\u00e8s 6 mois de service<i class=\"fas fa-check color-accent\"><\/i><\/li>\n<li><i class=\"fas fa-check color-accent\"><\/i>Prestations entre 66\u2154 % et 90 % de votre paie hebdomadaire r\u00e9guli\u00e8re selon vos ann\u00e9es de service et tel qu\u2019indiqu\u00e9 dans votre convention collective<\/li>\n<li>Dur\u00e9e maximale des prestations de 26 semaines<i class=\"fas fa-check color-accent\"><\/i>\n<ul>\n<li><i class=\"fas fa-caret-right color-accent\"><\/i>Si l\u2019invalidit\u00e9 se poursuit au-del\u00e0 de 26 semaines, des prestations d\u2019invalidit\u00e9 de longue dur\u00e9e seront vers\u00e9es<\/li>\n<\/ul>\n<\/li>\n<\/ul>\n<\/div>\n<p>[\/vc_column_text]<div class=\"vntd-icon-list icon-list-simple icon-list-basic icon-list-color-accent\"><ul class=\"icon-list\"><li><i class=\"fas fa-info-circle color-accent\"><\/i><\/li><\/ul><\/div>[\/vc_column][vc_column width=\u00a0\u00bb1\/2&Prime;][vc_single_image image=\u00a0\u00bb5034&Prime;][\/vc_column][\/vc_row]<\/p>\n","protected":false},"excerpt":{"rendered":"<p>[vc_row el_class=\u00a0\u00bbhidden-icon-list-wrapper\u00a0\u00bb][vc_column width=\u00a0\u00bb1\/2&Prime;][vc_column_text] Couverture totalement \u00e0 la charge de CAE Admissibilit\u00e9 apr\u00e8s 6 mois de service Prestations entre 66\u2154 % et 90 % de votre paie hebdomadaire r\u00e9guli\u00e8re selon vos ann\u00e9es de service et tel qu\u2019indiqu\u00e9 dans votre convention collective Dur\u00e9e maximale des prestations de 26 semaines Si l\u2019invalidit\u00e9 se [&hellip;]<\/p>\n","protected":false},"author":1,"featured_media":0,"parent":0,"menu_order":0,"comment_status":"closed","ping_status":"closed","template":"","meta":{"om_disable_all_campaigns":false,"_monsterinsights_skip_tracking":false,"_monsterinsights_sitenote_active":false,"_monsterinsights_sitenote_note":"","_monsterinsights_sitenote_category":0,"footnotes":""},"class_list":["post-6156","page","type-page","status-publish","hentry"],"aioseo_notices":[],"jetpack_sharing_enabled":true,"_links":{"self":[{"href":"https:\/\/select-benefits-integration-union.com\/fr\/wp-json\/wp\/v2\/pages\/6156","targetHints":{"allow":["GET"]}}],"collection":[{"href":"https:\/\/select-benefits-integration-union.com\/fr\/wp-json\/wp\/v2\/pages"}],"about":[{"href":"https:\/\/select-benefits-integration-union.com\/fr\/wp-json\/wp\/v2\/types\/page"}],"author":[{"embeddable":true,"href":"https:\/\/select-benefits-integration-union.com\/fr\/wp-json\/wp\/v2\/users\/1"}],"replies":[{"embeddable":true,"href":"https:\/\/select-benefits-integration-union.com\/fr\/wp-json\/wp\/v2\/comments?post=6156"}],"version-history":[{"count":9,"href":"https:\/\/select-benefits-integration-union.com\/fr\/wp-json\/wp\/v2\/pages\/6156\/revisions"}],"predecessor-version":[{"id":6568,"href":"https:\/\/select-benefits-integration-union.com\/fr\/wp-json\/wp\/v2\/pages\/6156\/revisions\/6568"}],"wp:attachment":[{"href":"https:\/\/select-benefits-integration-union.com\/fr\/wp-json\/wp\/v2\/media?parent=6156"}],"curies":[{"name":"wp","href":"https:\/\/api.w.org\/{rel}","templated":true}]}}