{"id":5730,"date":"2022-08-31T13:52:03","date_gmt":"2022-08-31T13:52:03","guid":{"rendered":"https:\/\/select-benefits-integration-union.com\/?page_id=5730"},"modified":"2025-11-14T17:55:19","modified_gmt":"2025-11-14T17:55:19","slug":"regime-dassurance-collective-flexible","status":"publish","type":"page","link":"https:\/\/select-benefits-integration-union.com\/fr\/regime-dassurance-collective-flexible\/","title":{"rendered":"R\u00e9gime d\u2019assurance collective"},"content":{"rendered":"<p>[vc_row css=\u00a0\u00bb.vc_custom_1689798344889{padding-bottom: 0px !important;}\u00a0\u00bb el_class=\u00a0\u00bbbenefits-style-heading-h3 flexible-benefits-program\u00a0\u00bb][vc_column width=\u00a0\u00bb1\/2&Prime; el_class=\u00a0\u00bbwhats-new-section1-text\u00a0\u00bb][vc_column_text css=\u00a0\u00bb.vc_custom_1745330073848{padding-right: 15px !important;}\u00a0\u00bb]<\/p>\n<h2 class=\"custom-small-h2\">Fonctionnement<\/h2>\n<p>Le r\u00e9gime d\u2019assurance collective est un r\u00e9gime d\u2019assurance obligatoire pour prot\u00e9ger votre famille et vous-m\u00eame. Un mois avant la fin de votre p\u00e9riode probatoire, vous recevrez un courriel \u00e0 votre courriel CAE vous invitant \u00e0 compl\u00e9ter votre adh\u00e9sion au r\u00e9gime d\u2019assurance collective. Vous devez adh\u00e9rer au r\u00e9gime en ligne \u00e0 l\u2019int\u00e9rieur de 31 jours de la r\u00e9ception du courriel afin de faire vos choix de couvertures.<\/p>\n<p>Si vous ne compl\u00e9tez pas votre adh\u00e9sion dans le d\u00e9lai prescrit, les couvertures par d\u00e9faut s\u2019appliqueront (voir section <a style=\"text-decoration: underline; color: #000000; font-weight: bold;\" href=\"https:\/\/select-benefits-integration-union.com\/fr\/programme-davantages-sociaux\/regime-dassurance-collective-flexible\/#default-coverage\">Couverture par d\u00e9faut<\/a> ci-dessous).<\/p>\n<p>Cliquez ici pour consulter la <a style=\"text-decoration: underline; color: #000000; font-weight: bold;\" href=\"https:\/\/select-benefits-integration-union.com\/wp-content\/uploads\/2025\/04\/56289-CAE-Inc.-Class-E-booklet-French.pdf\" target=\"_blank\" rel=\"noopener\">brochure de Sun Life<\/a>.[\/vc_column_text][\/vc_column][vc_column width=\u00a0\u00bb1\/2&Prime; css=\u00a0\u00bb.vc_custom_1656103305777{margin-top: 20px !important;}\u00a0\u00bb][vc_single_image image=\u00a0\u00bb4995&Prime;][\/vc_column][\/vc_row][vc_row css=\u00a0\u00bb.vc_custom_1745851555165{padding-top: 5px !important;padding-bottom: 40px !important;background-color: #ffffff !important;}\u00a0\u00bb el_class=\u00a0\u00bbbenefits-style-heading-h3&Prime; el_id=\u00a0\u00bbMD-coverage\u00a0\u00bb][vc_column el_class=\u00a0\u00bbwhats-new-section3-text\u00a0\u00bb][vc_column_text]<\/p>\n<div class=\"CAE-home-sec3\">\n<h3><strong>Protections obligatoires<\/strong><\/h3>\n<p>On vous attribue automatiquement la protection \u00ab\u2009de base\u2009\u00bb et vous pouvez choisir des protections suppl\u00e9mentaires lors de l\u2019adh\u00e9sion.<\/p>\n<div class=\"CAE-EEE-checklist vntd-icon-list icon-list-simple icon-list-basic icon-list-color-accent\">\n<ul class=\"icon-list\">\n<li><i class=\"fas fa-check color-accent\"><\/i>Soins m\u00e9dicaux et soins dentaires : la couverture \u00ab\u2009individuelle\u2009\u00bb vous est attribu\u00e9e. Les primes sont pay\u00e9es par CAE.<\/li>\n<li><i class=\"fas fa-check color-accent\"><\/i>\n<div style=\"margin-bottom: 10px;\">Assurance invalidit\u00e9 de longue dur\u00e9e (ILD) : des prestations vous seront vers\u00e9es si vous devenez invalide en raison d\u2019une maladie ou d\u2019une blessure et demeurez incapable de travailler apr\u00e8s 26 semaines cons\u00e9cutives d\u2019invalidit\u00e9. Vous payez les primes.<\/div>\n<p><strong>Remarque <\/strong>: Apr\u00e8s 6 mois de service, vous \u00eates admissible \u00e0 la prestation de prolongation de salaire, qui est enti\u00e8rement pay\u00e9e par CAE. Cela vous procure, durant 26 semaines, 66\u2154 % \u00e0 90 % de votre paie hebdomadaire r\u00e9guli\u00e8re selon vos ann\u00e9es de service et tel qu\u2019indiqu\u00e9 dans votre convention collective. Apr\u00e8s 26 semaines, les prestations d\u2019ILD sont vers\u00e9es.<\/li>\n<li id=\"OP-coverage\"><i class=\"fas fa-check color-accent\"><\/i>Assurance vie : la protection \u00ab\u2009de base\u2009\u00bb vous est attribu\u00e9e, soit 2 x votre salaire annuel de base. Vous pouvez choisir d\u2019autres protections pour vous-m\u00eame ou votre famille. Les primes pour la protection de base sont pay\u00e9es par CAE.<\/li>\n<\/ul>\n<\/div>\n<h3><\/h3>\n<h3><strong>Protections facultatives<\/strong><\/h3>\n<p>Les protections facultatives ne sont pas obligatoires. Vous choisissez d\u2019y adh\u00e9rer ou non\u00a0et vous payez les primes.<\/p>\n<div class=\"CAE-EEE-checklist vntd-icon-list icon-list-simple icon-list-basic icon-list-color-accent\">\n<ul class=\"icon-list\">\n<li><i class=\"fas fa-check color-accent\"><\/i>Assurance vie : vous b\u00e9n\u00e9ficiez automatiquement d\u2019une assurance vie \u00ab\u2009de base\u2009\u00bb; \u00e9valuez quels seraient les besoins de vos proches si vous n\u2019\u00e9tiez plus l\u00e0 pour subvenir \u00e0 leurs besoins, puis d\u00e9terminez si une protection suppl\u00e9mentaire est requise.<\/li>\n<li id=\"coverage-status\"><i class=\"fas fa-check color-accent\"><\/i>Assurance d\u00e9c\u00e8s et mutilation accidentels (DMA) : demandez-vous si cette couverture est pertinente.<\/li>\n<\/ul>\n<\/div>\n<h3><\/h3>\n<h3><strong>Cat\u00e9gories de couverture<\/strong><\/h3>\n<p>Faites votre choix parmi trois cat\u00e9gories de couverture.<\/p>\n<table class=\"CAE-coverage-table\">\n<tbody>\n<tr>\n<th class=\"CAE-table-colored-column\">Individuelle<\/th>\n<td>Aucune personne \u00e0 charge<\/td>\n<\/tr>\n<tr>\n<th class=\"CAE-table-colored-column\">Familiale<\/th>\n<td>Vous, votre conjoint et vos enfants \u00e0 charge admissibles<\/td>\n<\/tr>\n<tr>\n<th class=\"CAE-table-colored-column\">Monoparentale<\/th>\n<td>Vous et vos enfants \u00e0 charge admissibles<\/td>\n<\/tr>\n<\/tbody>\n<\/table>\n<\/div>\n<p>[\/vc_column_text]<div class=\"vntd-icon-list icon-list-simple icon-list-basic icon-list-color-gray\"><ul class=\"icon-list\"><li><i class=\"fas fa-info-circle color-gray\"><\/i><\/li><\/ul><\/div>[\/vc_column][\/vc_row][vc_row css=\u00a0\u00bb.vc_custom_1656020357320{padding-top: 65px !important;padding-bottom: 40px !important;background-color: #f8f8f8 !important;}\u00a0\u00bb el_class=\u00a0\u00bbbenefits-style-heading-h3 CAE-FBP-Grey-Wrapper\u00a0\u00bb][vc_column el_class=\u00a0\u00bbwhats-new-section3-text\u00a0\u00bb][vc_column_text]<\/p>\n<div class=\"CAE-home-sec3\">\n<div class=\"solutions-section\">\n<h3><strong>Pr\u00eat pour l\u2019adh\u00e9sion?<\/strong><\/h3>\n<p>Surveillez l\u2019arriv\u00e9e d\u2019un \u00ab\u2009courriel de bienvenue\u2009\u00bb qui contient des directives sur la fa\u00e7on d\u2019acc\u00e9der au <strong><a style=\"color: #000000;\" href=\"https:\/\/cae.seb-admin.com\/\" target=\"_blank\" rel=\"noopener\">CAE MesAvantages<\/a><\/strong>\u00a0pour adh\u00e9rer au r\u00e9gime.<\/p>\n<p><strong>Remarque\u00a0: Adh\u00e9rez sans faute au r\u00e9gime avant la date limite pour \u00e9viter qu\u2019on vous attribue la couverture par d\u00e9faut, que vous pourrez modifier uniquement \u00e0 la prochaine p\u00e9riode de renouvellement annuel ou en cas d\u2019\u00e9v\u00e9nement de la vie admissible.<\/strong><\/p>\n<\/div>\n<div class=\"solutions-section\">\n<h3 id=\"default-coverage\"><strong>Qu\u2019arrive-t-il si vous n\u2019adh\u00e9rez pas au r\u00e9gime?<\/strong><\/h3>\n<p>Qu\u2019il s\u2019agisse de votre adh\u00e9sion initiale au r\u00e9gime ou d\u2019une modification de votre couverture dans le cadre du renouvellement annuel, vous devez choisir vos protections avant la date limite.<\/p>\n<p>Quand vous serez admissible au r\u00e9gime pour la premi\u00e8re fois, si vous n\u2019y adh\u00e9rez pas en ligne avant la date limite, on vous attribuera la <strong>couverture par d\u00e9faut<\/strong> jusqu\u2019\u00e0 la prochaine p\u00e9riode de renouvellement annuel.<\/p>\n<\/div>\n<div class=\"solutions-section\">\n<h3><strong>Couverture par d\u00e9faut<\/strong><\/h3>\n<div class=\"CAE-EEE-checklist vntd-icon-list icon-list-simple icon-list-basic icon-list-color-accent\">\n<ul class=\"icon-list\">\n<li><i class=\"fas fa-check color-accent\"><\/i>Vous serez automatiquement inscrit aux protections de base au titre de l\u2019assurance vie, des soins m\u00e9dicaux, des soins dentaires et de l\u2019assurance invalidit\u00e9 de longue dur\u00e9e (ILD) selon le tableau ci-dessous.<\/li>\n<li><i class=\"fas fa-check color-accent\"><\/i>Vous serez automatiquement inscrit \u00e0 une couverture individuelle (sans protection pour vos personnes \u00e0 charge).<\/li>\n<\/ul>\n<\/div>\n<table class=\"CAE-coverage-table\">\n<tbody>\n<tr>\n<th class=\"CAE-table-colored-column\">Soins m\u00e9dicaux<\/th>\n<td>Couverture individuelle<\/td>\n<\/tr>\n<tr>\n<th class=\"CAE-table-colored-column\">Soins dentaires (li\u00e9e \u00e0 la couverture pour soins m\u00e9dicaux)<\/th>\n<td>Couverture individuelle<\/td>\n<\/tr>\n<tr>\n<th class=\"CAE-table-colored-column\">Assurance vie de base<\/th>\n<td>2 x salaire de base<\/td>\n<\/tr>\n<tr>\n<th class=\"CAE-table-colored-column\">Assurance vie facultative (employ\u00e9, conjoint et enfants)<\/th>\n<td>Aucune couverture<\/td>\n<\/tr>\n<tr>\n<th class=\"CAE-table-colored-column\">Assurance en cas de d\u00e9c\u00e8s ou de mutilation par accident (DMA)<\/th>\n<td>Aucune couverture<\/td>\n<\/tr>\n<tr>\n<th class=\"CAE-table-colored-column\">Invalidit\u00e9 de longue dur\u00e9e<\/th>\n<td>60% de votre salaire de base<\/td>\n<\/tr>\n<\/tbody>\n<\/table>\n<p>Vous n\u2019aurez pas d\u2019autre occasion d\u2019ajouter des protections ou de modifier vos choix durant l\u2019ann\u00e9e, sauf si vous vivez un <a style=\"color: #000; text-decoration: underline; font-weight: bold;\" href=\"https:\/\/select-benefits-integration-union.com\/fr\/programme-davantages-sociaux\/regime-dassurance-collective-flexible\/#life-event\">\u00e9v\u00e9nement de la vie<\/a> admissible.<\/p>\n<\/div>\n<div class=\"solutions-section\">\n<h3><strong>Modifications<\/strong><\/h3>\n<div class=\"CAE-EEE-checklist vntd-icon-list icon-list-simple icon-list-basic icon-list-color-accent\">\n<ul class=\"icon-list\">\n<li><i class=\"fas fa-check color-accent\"><\/i>Vous pouvez, en tout temps, mettre \u00e0 jour vos renseignements personnels et les renseignements sur vos b\u00e9n\u00e9ficiaires. Acc\u00e9dez au <strong><a style=\"color: #000000;\" href=\"https:\/\/cae.seb-admin.com\/\" target=\"_blank\" rel=\"noopener\">CAE MesAvantages<\/a>.<\/strong><\/li>\n<li><i class=\"fas fa-check color-accent\"><\/i>Chaque ann\u00e9e, vous avez l\u2019occasion de modifier vos choix de protections lors du renouvellement annuel.<\/li>\n<li><i class=\"fas fa-check color-accent\"><\/i>Si vous vivez un \u00e9v\u00e9nement de la vie admissible en cours d\u2019ann\u00e9e, vous pouvez changer votre statut de couverture et vos protections<\/li>\n<\/ul>\n<\/div>\n<div id=\"life-event\" class=\"CAE-note ready-to-enroll-note\">Remarque : Si vous ne modifiez pas votre couverture au renouvellement annuel, vous conserverez vos protections jusqu\u2019\u00e0 la prochaine p\u00e9riode de renouvellement annuel.<\/div>\n<\/div>\n<div class=\"solutions-section\">\n<h3><strong>\u00c9v\u00e9nement de la vie<\/strong><\/h3>\n<p>Un \u00e9v\u00e9nement de la vie est un changement majeur dans la vie d\u2019une personne qui peut avoir des r\u00e9percussions justifiant la modification des protections avant le prochain renouvellement annuel. Voici les \u00e9v\u00e9nements de vie admissibles :<\/p>\n<div class=\"CAE-EEE-checklist vntd-icon-list icon-list-simple icon-list-basic icon-list-color-accent\">\n<ul class=\"icon-list\">\n<li><i class=\"fas fa-check color-accent\"><\/i>Naissance, adoption ou gain de la garde l\u00e9gale d\u2019un enfant.<\/li>\n<li><i class=\"fas fa-check color-accent\"><\/i>Mariage, union civile ou union de fait qui dure depuis plus d\u2019un an.<\/li>\n<li><i class=\"fas fa-check color-accent\"><\/i>Divorce ou s\u00e9paration l\u00e9gale.<\/li>\n<li><i class=\"fas fa-check color-accent\"><\/i>D\u00e9c\u00e8s d\u2019une personne \u00e0 charge (conjoint ou enfant).<\/li>\n<li><i class=\"fas fa-check color-accent\"><\/i>Entr\u00e9e en vigueur ou cessation de l\u2019\u00e9ligibilit\u00e9 aux avantages sociaux du conjoint.*<\/li>\n<li><i class=\"fas fa-check color-accent\"><\/i>Fin de l\u2019admissibilit\u00e9 du dernier enfant \u00e0 titre d\u2019enfant \u00e0 charge.<\/li>\n<li><i class=\"fas fa-check color-accent\"><\/i>Changement du type d\u2019emploi (de temps partiel \u00e0 temps plein, ou inversement).<\/li>\n<li><i class=\"fas fa-check color-accent\"><\/i>Changement de province d\u2019emploi.<\/li>\n<\/ul>\n<\/div>\n<p>Si vous vivez un \u00e9v\u00e9nement de la vie admissible, vous disposez de 31 jours \u00e0 compter de la date de l\u2019\u00e9v\u00e9nement pour modifier vos protections. Pour ce faire, rendez-vous sur <strong><a style=\"color: #000000;\" href=\"https:\/\/cae.seb-admin.com\/\" target=\"_blank\" rel=\"noopener\">CAE MesAvantages<\/a><\/strong>\u00a0et cliquez sur <strong>R\u00e9gime d\u2019assurance collective<\/strong>.<\/p>\n<p>* Employ\u00e9s du Qu\u00e9bec : il est de votre responsabilit\u00e9 de vous assurer que vos enfants \u00e0 charge et vous-m\u00eame soyez couverts par l\u2019assurance de soins m\u00e9dicaux au titre du r\u00e9gime d\u2019assurance collective, sauf si couverts par une autre assurance soins m\u00e9dicaux.<\/p>\n<\/div>\n<div id=\"annual-enrollment\" class=\"solutions-section\">\n<div class=\"annual-enrollment-sec\">\n<h3><strong>Renouvellement annuel<\/strong><\/h3>\n<p>Quand vous choisissez vos protections en tant que nouvel employ\u00e9 de CAE, vous le faites pour l\u2019ann\u00e9e en cours.<\/p>\n<p>Chaque ann\u00e9e, vous devrez renouveler votre adh\u00e9sion aux avantages sociaux pour l\u2019ann\u00e9e suivante, durant la p\u00e9riode de renouvellement de CAE. Vous pourrez modifier vos protections afin d\u2019\u00e9tendre ou de r\u00e9duire votre couverture.<\/p>\n<p>Si vous ne renouvelez pas votre adh\u00e9sion :<\/p>\n<div class=\"CAE-EEE-checklist vntd-icon-list icon-list-simple icon-list-basic icon-list-color-accent\">\n<ul class=\"icon-list\">\n<li><i class=\"fas fa-check color-accent\"><\/i>Vous conserverez la m\u00eame cat\u00e9gorie de couverture et les m\u00eames protections.<\/li>\n<li><i class=\"fas fa-check color-accent\"><\/i>Vous ne pourrez pas modifier votre couverture avant le renouvellement de l\u2019ann\u00e9e suivante, sauf si vous vivez un \u00e9v\u00e9nement de la vie admissible.<\/li>\n<\/ul>\n<\/div>\n<\/div>\n<\/div>\n<h3><strong>Responsabilit\u00e9s de l\u2019employ\u00e9 dans un r\u00e9gime d\u2019assurance collective<\/strong><\/h3>\n<p>Chaque employ\u00e9 joue un r\u00f4le essentiel dans le maintien de la sant\u00e9 et de la p\u00e9rennit\u00e9 du r\u00e9gime d\u2019assurance collective. Cliquez <strong><a style=\"color: #000000;\" href=\"https:\/\/select-benefits-integration-union.com\/wp-content\/uploads\/2025\/11\/Responsabilites-EE-regime-collectif_2026_FR-1.pdf\" target=\"_blank\" rel=\"noopener\">ici<\/a><\/strong>\u00a0pour d\u00e9couvrir les principales responsabilit\u00e9s de l\u2019employ\u00e9 ainsi que des conseils pour optimiser l\u2019utilisation des garanties pour maintenir des co\u00fbts raisonnables et pr\u00e9server la qualit\u00e9 des protections pour tous.<\/p>\n<\/div>\n<p>[\/vc_column_text]<div class=\"vntd-icon-list icon-list-simple icon-list-basic icon-list-color-gray\"><ul class=\"icon-list\"><li><i class=\"fas fa-info-circle color-gray\"><\/i><\/li><\/ul><\/div>[\/vc_column][\/vc_row][vc_row][vc_column][vc_column_text]<\/p>\n<p>[\/vc_column_text][\/vc_column][\/vc_row]<\/p>\n","protected":false},"excerpt":{"rendered":"<p>[vc_row css=\u00a0\u00bb.vc_custom_1689798344889{padding-bottom: 0px !important;}\u00a0\u00bb el_class=\u00a0\u00bbbenefits-style-heading-h3 flexible-benefits-program\u00a0\u00bb][vc_column width=\u00a0\u00bb1\/2&Prime; el_class=\u00a0\u00bbwhats-new-section1-text\u00a0\u00bb][vc_column_text css=\u00a0\u00bb.vc_custom_1745330073848{padding-right: 15px !important;}\u00a0\u00bb] Fonctionnement Le r\u00e9gime d\u2019assurance collective est un r\u00e9gime d\u2019assurance obligatoire pour prot\u00e9ger votre famille et vous-m\u00eame. Un mois avant la fin de votre p\u00e9riode probatoire, vous recevrez un courriel \u00e0 votre courriel CAE vous invitant \u00e0 compl\u00e9ter votre adh\u00e9sion [&hellip;]<\/p>\n","protected":false},"author":1,"featured_media":0,"parent":0,"menu_order":0,"comment_status":"closed","ping_status":"closed","template":"","meta":{"om_disable_all_campaigns":false,"_monsterinsights_skip_tracking":false,"_monsterinsights_sitenote_active":false,"_monsterinsights_sitenote_note":"","_monsterinsights_sitenote_category":0,"footnotes":""},"class_list":["post-5730","page","type-page","status-publish","hentry"],"aioseo_notices":[],"jetpack_sharing_enabled":true,"_links":{"self":[{"href":"https:\/\/select-benefits-integration-union.com\/fr\/wp-json\/wp\/v2\/pages\/5730","targetHints":{"allow":["GET"]}}],"collection":[{"href":"https:\/\/select-benefits-integration-union.com\/fr\/wp-json\/wp\/v2\/pages"}],"about":[{"href":"https:\/\/select-benefits-integration-union.com\/fr\/wp-json\/wp\/v2\/types\/page"}],"author":[{"embeddable":true,"href":"https:\/\/select-benefits-integration-union.com\/fr\/wp-json\/wp\/v2\/users\/1"}],"replies":[{"embeddable":true,"href":"https:\/\/select-benefits-integration-union.com\/fr\/wp-json\/wp\/v2\/comments?post=5730"}],"version-history":[{"count":10,"href":"https:\/\/select-benefits-integration-union.com\/fr\/wp-json\/wp\/v2\/pages\/5730\/revisions"}],"predecessor-version":[{"id":7508,"href":"https:\/\/select-benefits-integration-union.com\/fr\/wp-json\/wp\/v2\/pages\/5730\/revisions\/7508"}],"wp:attachment":[{"href":"https:\/\/select-benefits-integration-union.com\/fr\/wp-json\/wp\/v2\/media?parent=5730"}],"curies":[{"name":"wp","href":"https:\/\/api.w.org\/{rel}","templated":true}]}}