{"id":3630,"date":"2021-10-28T19:28:59","date_gmt":"2021-10-28T19:28:59","guid":{"rendered":"https:\/\/select-benefits-integration-union.com\/liste-de-controle-ea\/"},"modified":"2025-04-22T15:34:34","modified_gmt":"2025-04-22T15:34:34","slug":"aide-memoire-pour-le-renouvellement-annuel","status":"publish","type":"page","link":"https:\/\/select-benefits-integration-union.com\/fr\/aide-memoire-pour-le-renouvellement-annuel\/","title":{"rendered":"Aide-m\u00e9moire pour l\u2019adh\u00e9sion"},"content":{"rendered":"<p>[vc_row el_class=\u00a0\u00bbCAE-AE-checklist-text\u00a0\u00bb][vc_column width=\u00a0\u00bb3\/5&Prime;][vc_column_text]<\/p>\n<div class=\"AE-head ae-checklist-sec1\">\n<ul>\n<li>En tant que nouvel employ\u00e9 de CAE, vous disposez de 31 jours \u00e0 compter de la date o\u00f9 vous recevrez le courriel de bienvenue pour adh\u00e9rer au r\u00e9gime d\u2019assurance collective flexible et choisir votre couverture pour l\u2019ann\u00e9e en cours. Ce courriel contiendra les directives sur la fa\u00e7on d\u2019acc\u00e9der \u00e0 l\u2019<strong>outil CAEselect<\/strong> afin d\u2019adh\u00e9rer \u00e0 vos avantages sociaux.<\/li>\n<li>Une fois l\u2019adh\u00e9sion compl\u00e9t\u00e9e, vous pourrez modifier votre couverture pour l\u2019ann\u00e9e en cours seulement si vous vivez un <strong><a style=\"color: #000; text-decoration: underline;\" href=\"https:\/\/select-benefits-integration-union.com\/fr\/programme-davantages-sociaux\/regime-dassurance-collective-flexible\/#life-event\">\u00e9v\u00e9nement de la vie<\/a><\/strong>. Chaque ann\u00e9e, pendant la p\u00e9riode de <strong><a style=\"color: #000; text-decoration: underline;\" href=\"https:\/\/select-benefits-integration-union.com\/fr\/programme-davantages-sociaux\/regime-dassurance-collective-flexible\/#annual-enrollment\">renouvellement annuel<\/a><\/strong>, vous choisirez vos protections pour l\u2019ann\u00e9e \u00e0 venir. Vous pourrez \u00e9tendre ou r\u00e9duire votre couverture. Si vous choisissez une couverture m\u00e9dicale ou dentaire moindre, la\n<div id=\"hover-text1\" class=\"cae-hover-text-list vntd-icon-list icon-list-simple icon-list-basic icon-list-color-accent\" aria-labeledby=\"#hidden-list1\">\n<p class=\"tooltip-text\"><strong>r\u00e8gle de participation de deux ans<\/strong> s\u2019appliquera.<\/p>\n<ul id=\"hidden-list1\" class=\"CAE-hidden-list\" role=\"tooltip\">Les options de soins m\u00e9dicaux et de soins dentaires sont soumises \u00e0 une p\u00e9riode de participation de deux ans<\/p>\n<li><i class=\"fas fa-caret-right color-accent\"><\/i>Vous devez conserver l\u2019option choisie durant deux ans avant de pouvoir r\u00e9duire votre couverture, d\u2019une option \u00e0 la fois, \u00e0 partir du renouvellement annuel suivant la p\u00e9riode de deux ans.<\/li>\n<li><i class=\"fas fa-caret-right color-accent\"><\/i>Vous pouvez toujours choisir une option sup\u00e9rieure lors du renouvellement annuel, mais devrez aussi conserver votre nouvelle option durant au moins deux ans.<\/li>\n<\/ul>\n<\/div>\n<\/li>\n<li>Avant de commencer, consultez le <a style=\"color: #000; text-decoration: underline;\" href=\"https:\/\/select-benefits-integration-union.com\/wp-content\/uploads\/2022\/10\/CAEDecisionGuideFR2017.pdf\" target=\"_blank\" rel=\"noopener\" aria-label=\"This link opens pdf document\"><strong>Guide des avantages sociaux CAEselect<\/strong><\/a> et le <a style=\"color: #000; text-decoration: underline;\" href=\"https:\/\/select-benefits-integration-union.com\/wp-content\/uploads\/2022\/10\/Sommaire_du_regime_FR.pdf\" target=\"_blank\" rel=\"noopener\"><strong>Sommaire du r\u00e9gime CAEselect<\/strong><\/a> pour en savoir plus sur les options de couverture offertes et les conseils \u00e0 suivre quand vous choisirez vos protections. Vous serez en mesure de voir le prix de chaque option de couverture <strong>seulement une fois connect\u00e9<\/strong> dans l\u2019outil d\u2019adh\u00e9sion CAEselect. Vous serez en mesure de tester diff\u00e9rents sc\u00e9narios avant de confirmer vos choix finaux.<\/li>\n<\/ul>\n<\/div>\n<p>[\/vc_column_text][vc_column_text]<\/p>\n<div class=\"CAE-AE-checklist-sec1\">\n<p>Marche \u00e0 suivre pour adh\u00e9rer :<\/p>\n<div class=\"vntd-icon-list icon-list-simple icon-list-basic icon-list-color-accent\">\n<ul class=\"icon-list\">\n<li style=\"list-style-type: none;\">\n<ul class=\"icon-list\">\n<li><i class=\"far fa-check-square color-accent\"><\/i>Ouvrez une session sur le <strong><a style=\"color: #000;\" href=\"https:\/\/cae.seb-admin.com\" target=\"_blank\" rel=\"noopener\">CAE MesAvantages<\/a><\/strong>. S\u2019il s\u2019agit de votre premi\u00e8re visite sur ce site, choisissez l\u2019option <strong>Premi\u00e8re visite?<\/strong> sur la page de connexion.<\/li>\n<li><i class=\"far fa-check-square color-accent\"><\/i>Cliquez sur <strong>R\u00e9gime d\u2019assurance collective<\/strong> pour acc\u00e9der \u00e0 l\u2019<strong>outil CAEselect<\/strong>, puis commencez votre adh\u00e9sion.<\/li>\n<li><i class=\"far fa-check-square color-accent\"><\/i>V\u00e9rifiez vos renseignements personnels.<\/li>\n<li class=\"CAE-tooltip-list-FR\"><i class=\"far fa-check-square color-accent\"><\/i>Saisissez les donn\u00e9es sur vos personnes \u00e0 charge, le cas \u00e9ch\u00e9ant. N\u2019inscrivez que des\n<div id=\"hover-text1\" class=\"cae-hover-text-list\" aria-labeledby=\"#hidden-list1\">\n<p class=\"tooltip-text\"><strong>personnes \u00e0 charge admissibles\u00a0<\/strong><\/p>\n<ul id=\"hidden-list1\" class=\"CAE-hidden-list\" role=\"tooltip\">\n<li><i class=\"fas fa-caret-right color-accent\"><\/i>Vous pourriez devoir fournir des pi\u00e8ces justificatives pour confirmer que vos personnes \u00e0 charge sont admissibles au r\u00e9gime. Rassemblez donc les documents n\u00e9cessaires.<\/li>\n<\/ul>\n<\/div>\n<p>\u00e0 votre r\u00e9gime.<\/li>\n<li><i class=\"far fa-check-square color-accent\"><\/i>Remplissez votre certificat de mieux-\u00eatre pour recevoir jusqu\u2019\u00e0 50 <strong>dollars CAEselect<\/strong> li\u00e9s au mieux-\u00eatre.<\/li>\n<li><i class=\"far fa-check-square color-accent\"><\/i>Passez vos choix en revue. Vous seul savez ce qui convient \u00e0 votre famille. Assurez-vous que les protections choisies r\u00e9pondront \u00e0 vos besoins pour la prochaine ann\u00e9e.<\/li>\n<li><i class=\"far fa-check-square color-accent\"><\/i> Allouez vos <strong>dollars CAEselect<\/strong> inutilis\u00e9s, le cas \u00e9ch\u00e9ant, \u00e0 <strong><a style=\"color: #000000; text-decoration: underline;\" href=\"https:\/\/select-benefits-integration-union.com\/fr\/dollars-caeselect\/#CAE-HSA-row\">votre compte soins de sant\u00e9 (CSS)<\/a>,<\/strong> \u00e0 votre <strong><a style=\"color: #000000; text-decoration: underline;\" href=\"https:\/\/select-benefits-integration-union.com\/fr\/dollars-caeselect\/#CAE-PSA-row\">compte de d\u00e9penses personnel (CDP)<\/a><\/strong> ou \u00e0 votre <strong><a style=\"color: #000000; text-decoration: underline;\" href=\"https:\/\/select-benefits-integration-union.com\/fr\/programme-davantages-sociaux\/regime-enregistre-depargne-retraite-collectif\/\">REER collectif de CAE<\/a><\/strong>.\n<ul>\n<li><i class=\"fas fa-caret-right color-accent\"><\/i>Si vous ne faites aucun choix, ces dollars seront allou\u00e9s \u00e0 votre CSS.<\/li>\n<li class=\"CAE-tooltip-list2-FR\"><i class=\"fas fa-caret-right color-accent\"><\/i>Si vous voulez les allouer au\n<div id=\"hover-text2\" class=\"cae-hover-text-list\" aria-labeledby=\"#hidden-list2\">\n<p class=\"tooltip-text\"><strong>REER collectif de CAE\u00a0<\/strong><\/p>\n<ul id=\"hidden-list2\" class=\"CAE-hidden-list CAE-hidden-list-5\" role=\"tooltip\">\n<li><i class=\"fas fa-caret-right color-accent\"><\/i>Pour ouvrir votre compte, allez sur le <strong><a href=\"https:\/\/www.desjardinsassurancevie.com\/fr\/epargne-retraite-collective-participants?Province=QC&amp;_ga=2.267551566.1725661169.1663170127-1871821460.1663170127\" target=\"_blank\" rel=\"noopener\">site Web de Desjardins Assurances<\/a><\/strong>\u00a0(pour l\u2019adh\u00e9sion au REER collectif) et cliquez sur le bouton vert <strong>Commencer<\/strong> puis sur <strong>S\u2019inscrire<\/strong>.<\/li>\n<li><i class=\"fas fa-caret-right color-accent\"><\/i>Il vous faudra votre num\u00e9ro de groupe (G005406) et votre num\u00e9ro d\u2019employ\u00e9 de Desjardins (votre num\u00e9ro d\u2019employ\u00e9 de CAE + les trois derniers chiffres de votre num\u00e9ro d\u2019assurance sociale).<\/li>\n<\/ul>\n<\/div>\n<p>vous devez d\u00e9tenir un compte aupr\u00e8s de Desjardins Assurances; si ce n\u2019est pas le cas, ces dollars seront d\u00e9pos\u00e9s dans votre CSS.<\/li>\n<\/ul>\n<\/li>\n<li><i class=\"far fa-check-square color-accent\"><\/i>Ajoutez en ligne vos b\u00e9n\u00e9ficiaires aux fins d\u2019assurance et modifiez-les au besoin. Quand vous proc\u00e9dez \u00e0 une d\u00e9signation de b\u00e9n\u00e9ficiaire(s), elle entre en vigueur imm\u00e9diatement, car vous n\u2019avez pas \u00e0 soumettre de formulaire papier. Vous connecter au R\u00e9gime d\u2019assurance collective \u00e0 partir du <strong><a style=\"color: #000;\" href=\"https:\/\/cae.seb-admin.com\" target=\"_blank\" rel=\"noopener\">CAE MesAvantages<\/a><\/strong>\u00a0en utilisant vos donn\u00e9es d\u2019acc\u00e8s uniques constitue votre nouvelle signature \u00e9lectronique.<\/li>\n<li><i class=\"far fa-check-square color-accent\"><\/i>Cliquez sur <strong>Terminer l\u2019inscription<\/strong> pour confirmer vos choix.<\/li>\n<li><i class=\"far fa-check-square color-accent\"><\/i>Imprimez le relev\u00e9 de confirmation ou envoyez-en une copie par courriel \u00e0 conserver dans vos dossiers.<\/li>\n<\/ul>\n<\/li>\n<\/ul>\n<\/div>\n<p><strong>C\u2019est tout! Votre adh\u00e9sion au r\u00e9gime d\u2019assurance collective est termin\u00e9e.<\/strong><\/p>\n<\/div>\n<p>[\/vc_column_text]<div class=\"vntd-icon-list icon-list-simple icon-list-basic icon-list-color-gray\"><ul class=\"icon-list\"><li><i class=\"fas fa-caret-right color-gray\"><\/i><\/li><\/ul><\/div>[\/vc_column][vc_column width=\u00a0\u00bb2\/5&Prime; el_class=\u00a0\u00bbCAE-checklist-notice\u00a0\u00bb][vc_single_image image=\u00a0\u00bb3506&Prime; css=\u00a0\u00bb.vc_custom_1637354715523{padding-top: 20px !important;padding-right: 30px !important;padding-left: 30px !important;}\u00a0\u00bb][vc_column_text css=\u00a0\u00bb.vc_custom_1666205725058{padding-top: 20px !important;padding-right: 30px !important;padding-left: 30px !important;}\u00a0\u00bb]<\/p>\n<div class=\"CAE-important-notice vntd-icon-list icon-list-simple icon-list-basic icon-list-color-accent\">\n<p style=\"font-size: 1.12em; font-weight: bold; margin-bottom: 8px;\"><strong>Le saviez vous?<\/strong><\/p>\n<ul>\n<li><i class=\"fas fa-caret-right color-accent\"><\/i>L\u2019<strong>outil CAEselect<\/strong> en ligne affiche le solde de vos <strong>dollars CAEselect<\/strong> et calcule le co\u00fbt des protections choisies en temps r\u00e9el. Pendant l\u2019adh\u00e9sion, vous pouvez essayer diff\u00e9rents sc\u00e9narios et voir leur effet sur votre solde de <strong>dollars CAEselect<\/strong> et sur vos retenues salariales, le cas \u00e9ch\u00e9ant.<\/li>\n<li><i class=\"fas fa-caret-right color-accent\"><\/i>Vous pouvez renoncer \u00e0 la couverture des soins m\u00e9dicaux si vous \u00eates assur\u00e9 au titre d\u2019un autre r\u00e9gime, comme celui de votre conjoint. Il vous restera ainsi des <strong>dollars CAEselect<\/strong>, que vous pourrez allouer \u00e0 votre compte soins de sant\u00e9 (CSS), \u00e0 votre compte de d\u00e9penses personnel (CDP) ou au REER collectif de CAE.<\/li>\n<li><i class=\"fas fa-caret-right color-accent\"><\/i>Vous pouvez, en tout temps, mettre \u00e0 jour votre profil ou modifier vos b\u00e9n\u00e9ficiaires.<\/li>\n<\/ul>\n<\/div>\n<p>[\/vc_column_text][vc_column_text css=\u00a0\u00bb.vc_custom_1666202116625{padding-top: 20px !important;padding-right: 30px !important;padding-left: 30px !important;}\u00a0\u00bb]<\/p>\n<div class=\"CAE-important-notice vntd-icon-list icon-list-simple icon-list-basic icon-list-color-accent\">\n<p style=\"font-size: 1.12em; font-weight: bold; margin-bottom: 8px;\"><strong>Important pour l\u2019adh\u00e9sion au REER collectif!<\/strong><\/p>\n<ul>\n<li><i class=\"fas fa-caret-right color-accent\"><\/i>Pour ouvrir votre compte, allez sur le <strong><a href=\"https:\/\/www.desjardinsassurancevie.com\/fr\/epargne-retraite-collective-participants?Province=QC&amp;_ga=2.267551566.1725661169.1663170127-1871821460.1663170127\" target=\"_blank\" rel=\"noopener\">site Web de Desjardins Assurances<\/a><\/strong> (pour l\u2019adh\u00e9sion au REER collectif) et cliquez sur le bouton vert <strong>Commencer<\/strong> puis sur <strong>S\u2019inscrire<\/strong>.<\/li>\n<li><i class=\"fas fa-caret-right color-accent\"><\/i>Il vous faudra votre num\u00e9ro de groupe (G005406) et votre num\u00e9ro d\u2019employ\u00e9 de Desjardins (votre num\u00e9ro d\u2019employ\u00e9 de CAE + les trois derniers chiffres de votre num\u00e9ro d\u2019assurance sociale).<\/li>\n<\/ul>\n<\/div>\n<p>[\/vc_column_text][\/vc_column][\/vc_row][vc_row disable_element=\u00a0\u00bbyes\u00a0\u00bb el_class=\u00a0\u00bbCAE-AE-checklist-text\u00a0\u00bb][vc_column][vc_column_text]<\/p>\n<div class=\"CAE-AE-checklist-sec3\">\n<h3>Vous vous d\u00e9savez de la couverture?<\/h3>\n<p>Si vous choisissez de vous retirer de la couverture des soins de sant\u00e9 cette ann\u00e9e, vous devez fournir la preuve que vous avez une couverture ailleurs.<\/p>\n<div class=\"vntd-icon-list icon-list-simple icon-list-basic icon-list-color-accent\">\n<ul class=\"icon-list\">\n<li><i class=\"fas fa-caret-right color-accent\"><\/i>\u00c0 partir de la page Action n\u00e9cessaire, t\u00e9l\u00e9chargez la lettre de d\u00e9sinscription.<\/li>\n<li><i class=\"fas fa-caret-right color-accent\"><\/i>Choisissez d\u2019imprimer le formulaire ou de le faire envoyer par la poste \u00e0 votre domicile.<\/li>\n<li><i class=\"fas fa-caret-right color-accent\"><\/i>Remplissez et signez le formulaire et envoyez-le par la poste au Centre des prestations CAE \u00e0 l\u2019adresse indiqu\u00e9e sur le formulaire d\u2019ici le 31 d\u00e9cembre 2021.<\/li>\n<\/ul>\n<\/div>\n<\/div>\n<p>[\/vc_column_text]<div class=\"vntd-icon-list icon-list-simple icon-list-basic icon-list-color-gray\"><ul class=\"icon-list\"><li><i class=\"fas fa-caret-right color-gray\"><\/i><\/li><\/ul><\/div>[\/vc_column][\/vc_row]<\/p>\n","protected":false},"excerpt":{"rendered":"<p>[vc_row el_class=\u00a0\u00bbCAE-AE-checklist-text\u00a0\u00bb][vc_column width=\u00a0\u00bb3\/5&Prime;][vc_column_text] En tant que nouvel employ\u00e9 de CAE, vous disposez de 31 jours \u00e0 compter de la date o\u00f9 vous recevrez le courriel de bienvenue pour adh\u00e9rer au r\u00e9gime d\u2019assurance collective flexible et choisir votre couverture pour l\u2019ann\u00e9e en cours. Ce courriel contiendra les directives sur la fa\u00e7on [&hellip;]<\/p>\n","protected":false},"author":1,"featured_media":0,"parent":0,"menu_order":0,"comment_status":"closed","ping_status":"closed","template":"","meta":{"om_disable_all_campaigns":false,"_monsterinsights_skip_tracking":false,"_monsterinsights_sitenote_active":false,"_monsterinsights_sitenote_note":"","_monsterinsights_sitenote_category":0,"footnotes":""},"class_list":["post-3630","page","type-page","status-publish","hentry"],"aioseo_notices":[],"jetpack_sharing_enabled":true,"_links":{"self":[{"href":"https:\/\/select-benefits-integration-union.com\/fr\/wp-json\/wp\/v2\/pages\/3630","targetHints":{"allow":["GET"]}}],"collection":[{"href":"https:\/\/select-benefits-integration-union.com\/fr\/wp-json\/wp\/v2\/pages"}],"about":[{"href":"https:\/\/select-benefits-integration-union.com\/fr\/wp-json\/wp\/v2\/types\/page"}],"author":[{"embeddable":true,"href":"https:\/\/select-benefits-integration-union.com\/fr\/wp-json\/wp\/v2\/users\/1"}],"replies":[{"embeddable":true,"href":"https:\/\/select-benefits-integration-union.com\/fr\/wp-json\/wp\/v2\/comments?post=3630"}],"version-history":[{"count":10,"href":"https:\/\/select-benefits-integration-union.com\/fr\/wp-json\/wp\/v2\/pages\/3630\/revisions"}],"predecessor-version":[{"id":6813,"href":"https:\/\/select-benefits-integration-union.com\/fr\/wp-json\/wp\/v2\/pages\/3630\/revisions\/6813"}],"wp:attachment":[{"href":"https:\/\/select-benefits-integration-union.com\/fr\/wp-json\/wp\/v2\/media?parent=3630"}],"curies":[{"name":"wp","href":"https:\/\/api.w.org\/{rel}","templated":true}]}}