{"id":3547,"date":"2017-07-05T16:58:46","date_gmt":"2017-07-05T16:58:46","guid":{"rendered":"https:\/\/select-benefits-integration-union.com\/maison-1\/"},"modified":"2025-10-16T14:50:58","modified_gmt":"2025-10-16T14:50:58","slug":"home-1","status":"publish","type":"page","link":"https:\/\/select-benefits-integration-union.com\/fr\/","title":{"rendered":"Accueil"},"content":{"rendered":"<p>[vc_row][vc_column]\n    <div id=\"veented-slider-99211\" class=\"veented-slider vntd-section veented-slider-holder veented-slider-navigation-white fullwidth-section\" data-slider-autoplay=\"7000\" data-slider-effect=\"slide\" data-slider-speed=\"700\" data-slider-loop=\"false\" data-slider-touch=\"true\" data-slider-direction=\"horizontal\">\n\n\t\t<div class=\"veented-slider-loader\">\n\t\t\t<div class=\"spinner\">\n\t\t\t  <div class=\"dot1\"><\/div>\n\t\t\t  <div class=\"dot2\"><\/div>\n\t\t\t<\/div>\n\t\t<\/div>\n\n\t\t<div class=\"veented-slider-container swiper-containers\">\n\n\t\t\t<div class=\"veented-slider-inner swiper-wrapper\">\n\n\t\t\t\t\n\t\t\t\t<div id=\"slide-id-3686\" class=\"swiper-slide veented-slide slide-nr-1 slide-id-3686 slide-type-image color-scheme-light slide-align-left slide-content-narrow\">\n\n\t\t\t\t\t<div class=\"veented-slide-bg-image\" style=\"background-image: url('https:\/\/select-benefits-integration-union.com\/wp-content\/uploads\/2023\/05\/union-home-slider.jpg');\"><img data-recalc-dims=\"1\" decoding=\"async\" src=\"https:\/\/i0.wp.com\/select-benefits-integration-union.com\/wp-content\/uploads\/2023\/05\/union-home-slider.jpg?ssl=1\" alt=\"Site d&#039;information sur les avantages sociaux\"><\/div>\n\t\t\t\t\t<div class=\"slide-container container\">\n\t\t\t\t\t\t<div class=\"veented-slide-inner\">\n\t\t\t\t\t\t\t<h2 class=\"veented-slide-heading animated animatedSlider\">Site d&#039;information sur les avantages sociaux<\/h2><p class=\"veented-slide-subtitle animated animatedSlider\">Ce site vous donne une vue d\u2019ensemble de vos programmes d\u2019avantages sociaux \u00e0 titre d\u2019employ\u00e9 permanent syndiqu\u00e9 de CAE (travaillant 20 heures ou plus par semaine et ayant compl\u00e9t\u00e9 la p\u00e9riode de probation), afin de vous aider \u00e0 faire les meilleurs choix pour vous et votre famille.<\/p><div class=\"veented-slide-buttons animated animatedSlider\"><a href=\"https:\/\/cae.seb-admin.com\/\" target=\"_blank\" class=\"btn btn-lg veented-slide-button veented-slide-button1 btn-solid  btn-default-radius btn-custom btn-hover-white\" style=\"background-color:#06103d;color:#ffffff;\"><span>S\u2019inscrire maintenant<\/span><\/a><\/div>\n\t\t\t\t\t\t<\/div>\n\n\t\t\t\t\t<\/div>\n\n\t\t\t\t\t<div class=\"bg-overlay bg-overlay-dark10\"><\/div>\n\t\t\t\t<\/div>\n\n\t\t\t\t\n\t\t\t<\/div>\n\n\t\t\t<div class=\"veented-slider-scroll-button-holder\"><a href=\"#second\" class=\"scroll veented-slider-scroll-button veented-scroll-after\"><span class=\"vntd-mouse-dot\"><\/span><\/a><\/div><style type=\"text\/css\">#slide-id-3686 .veented-slide-top-heading {color: #06103d;}#slide-id-3686 .veented-slide-heading {font-size: 45px;color: #06103d;}#slide-id-3686 .veented-slide-subtitle {color: #06103d;}#veented-slider-99211,#veented-slider-99211 .veented-slider-container { height: 750px; }#veented-slider-99211 .inner { padding-top: px; }<\/style>\n\t\t<\/div>\n\n\t<\/div>\n\n\t[\/vc_column][\/vc_row][vc_row css=\u00a0\u00bb.vc_custom_1654721875512{padding-top: 70px !important;}\u00a0\u00bb][vc_column][vc_column_text]<\/p>\n<div class=\"CAE-home-sec2\">\n<h2>Programmes d\u2019avantages sociaux de CAE<\/h2>\n<p>Chez CAE, la sant\u00e9 et le bien-\u00eatre de nos employ\u00e9s et de leur famille est une priorit\u00e9. Afin de favoriser votre sant\u00e9 physique, financi\u00e8re et \u00e9motionnelle, nous offrons des programmes d\u2019avantages sociaux complets et concurrentiels, qui constituent un \u00e9l\u00e9ment important de votre r\u00e9mun\u00e9ration globale.<\/p>\n<p>Ce site donne une vue d\u2019ensemble des programmes d\u2019avantages sociaux de CAE. Il permet aussi d\u2019acc\u00e9der au <a href=\"https:\/\/cae.seb-admin.com\" target=\"_blank\" rel=\"noopener\"><strong>CAE MesAvantages<\/strong><\/a>\u00a0et \u00e0 d\u2019autres sites. Veuillez passer en revue l\u2019information aux pages suivantes, puis, si vous avez des questions sur vos avantages sociaux, <a style=\"color: #000; text-decoration: underline;\" href=\"https:\/\/select-benefits-integration-union.com\/fr\/nous-joindre\/\"><strong>communiquez avec nous<\/strong><\/a>.<\/div>\n<p>[\/vc_column_text][\/vc_column][\/vc_row][vc_row equal_height=\u00a0\u00bbyes\u00a0\u00bb content_placement=\u00a0\u00bbtop\u00a0\u00bb css=\u00a0\u00bb.vc_custom_1654803728915{padding-top: 20px !important;}\u00a0\u00bb][vc_column width=\u00a0\u00bb1\/5&Prime; el_class=\u00a0\u00bbhome-benefits-sec1&Prime;][vc_column_text]<\/p>\n<div class=\"CAE-home-ben-divisions-head\">\n<p><strong>Protections obligatoires<\/strong><\/div>\n<p>[\/vc_column_text][vc_column_text]<\/p>\n<div id=\"CAE-home-ben-division\" class=\"custom-text-block CAE-home-ben-divisions\">\n<p><img data-recalc-dims=\"1\" decoding=\"async\" src=\"https:\/\/i0.wp.com\/select-benefits-integration-union.com\/wp-content\/uploads\/2025\/10\/FGIP-icon.png?ssl=1\" \/><\/p>\n<h3><a href=\"\/fr\/programme-davantages-sociaux\/regime-dassurance-collective-flexible\/\">R\u00e9gime d\u2019assurance collective<\/a><\/h3>\n<\/div>\n<p>[\/vc_column_text][vc_column_text el_class=\u00a0\u00bbben-div-MB-text\u00a0\u00bb]<\/p>\n<p style=\"text-align: center;\">Vous devez vous inscrire dans les 30 jours suivant votre date d\u2019embauche, sinon on vous attribuera les options par d\u00e9faut.<\/p>\n<p>[\/vc_column_text][\/vc_column][vc_column width=\u00a0\u00bb1\/5&Prime;][vc_column_text]<\/p>\n<div class=\"CAE-home-ben-divisions-head\">\n<p><strong>R\u00e9gimes volontaires<\/strong><\/div>\n<p>[\/vc_column_text][vc_column_text]<\/p>\n<div class=\"custom-text-block CAE-home-ben-divisions\">\n<p><img data-recalc-dims=\"1\" decoding=\"async\" src=\"https:\/\/i0.wp.com\/select-benefits-integration-union.com\/wp-content\/uploads\/2025\/10\/DBPP-icon.png?ssl=1\" \/><\/p>\n<h3><a href=\"\/fr\/programme-davantages-sociaux\/regime-de-retraite-a-prestations-determinees\/\">R\u00e9gime de retraite \u00e0 prestations d\u00e9termin\u00e9es<\/a><\/h3>\n<\/div>\n<p>[\/vc_column_text][\/vc_column][vc_column width=\u00a0\u00bb1\/5&Prime;][vc_column_text el_class=\u00a0\u00bbCAE-home-ben-divisions-res\u00a0\u00bb]<\/p>\n<div class=\"custom-text-block CAE-home-ben-divisions\">\n<p><img data-recalc-dims=\"1\" decoding=\"async\" src=\"https:\/\/i0.wp.com\/select-benefits-integration-union.com\/wp-content\/uploads\/2025\/10\/ESPP-icon.png?ssl=1\" \/><\/p>\n<h3><a href=\"\/fr\/programme-davantages-sociaux\/regime-dachat-dactions\/\">R\u00e9gime d\u2019achat d\u2019actions du personnel<\/a><\/h3>\n<\/div>\n<p>[\/vc_column_text][\/vc_column][vc_column width=\u00a0\u00bb1\/5&Prime;][vc_column_text el_class=\u00a0\u00bbCAE-home-ben-divisions-res\u00a0\u00bb]<\/p>\n<div class=\"custom-text-block CAE-home-ben-divisions\">\n<p><img data-recalc-dims=\"1\" decoding=\"async\" src=\"https:\/\/i0.wp.com\/select-benefits-integration-union.com\/wp-content\/uploads\/2025\/10\/GRRSP-icon.png?ssl=1\" \/><\/p>\n<h3><a href=\"\/fr\/programme-davantages-sociaux\/regime-enregistre-depargne-retraite-collectif\/\">R\u00e9gime enregistr\u00e9 d\u2019\u00e9pargne-retraite (REER) collectif<\/a><\/h3>\n<\/div>\n<p>[\/vc_column_text][\/vc_column][vc_column width=\u00a0\u00bb1\/5&Prime;][vc_column_text el_class=\u00a0\u00bbCAE-home-ben-divisions-res\u00a0\u00bb]<\/p>\n<div class=\"custom-text-block CAE-home-ben-divisions\">\n<p><img data-recalc-dims=\"1\" decoding=\"async\" src=\"https:\/\/i0.wp.com\/select-benefits-integration-union.com\/wp-content\/uploads\/2025\/10\/GTFSP-icon.png?ssl=1\" \/><\/p>\n<h3><a href=\"\/fr\/compte-depargne-libre-dimpot-celi-collectif\/\">Compte d\u2019\u00e9pargne libre d\u2019imp\u00f4t (CELI) collectif<\/a><\/h3>\n<\/div>\n<p>[\/vc_column_text][vc_column_text el_class=\u00a0\u00bbben-div-MB-text\u00a0\u00bb]<\/p>\n<p style=\"text-align: center;\">La participation est facultative, et vous pouvez vous inscrire en tout temps. Pour ce faire, vous devez passer \u00e0 l\u2019action et soumettre des formulaires, le cas \u00e9ch\u00e9ant.<\/p>\n<p>[\/vc_column_text][\/vc_column][\/vc_row][vc_row el_id=\u00a0\u00bbbraces-custom-row\u00a0\u00bb css=\u00a0\u00bb.vc_custom_1760626210988{margin-top: -20px !important;}\u00a0\u00bb el_class=\u00a0\u00bbMB-responsive-division\u00a0\u00bb][vc_column width=\u00a0\u00bb1\/5&Prime;][vc_column_text]<\/p>\n<div id=\"curly-brace\">\n<div id=\"left\" class=\"brace\"><\/div>\n<div id=\"right\" class=\"brace\"><\/div>\n<\/div>\n<p>[\/vc_column_text][vc_column_text]<\/p>\n<p style=\"text-align: center;\">Vous devez vous inscrire dans les 31 jours suivant la r\u00e9ception du courriel de bienvenue, sinon on vous attribuera la couverture par d\u00e9faut.<\/p>\n<p>[\/vc_column_text][\/vc_column][vc_column width=\u00a0\u00bb4\/5&Prime;][vc_column_text]<\/p>\n<div id=\"curly-brace\">\n<div id=\"left\" class=\"brace\"><\/div>\n<div id=\"right\" class=\"brace\"><\/div>\n<\/div>\n<p>[\/vc_column_text][vc_column_text]<\/p>\n<p style=\"text-align: center;\">La participation est facultative, et vous pouvez vous inscrire en tout temps. Pour ce faire, vous devez passer \u00e0 l\u2019action et soumettre des formulaires, le cas \u00e9ch\u00e9ant.<\/p>\n<p>[\/vc_column_text][\/vc_column][\/vc_row][vc_row css=\u00a0\u00bb.vc_custom_1760626205488{padding-top: 20px !important;}\u00a0\u00bb][vc_column][vc_column_text]<\/p>\n<div class=\"CAE-home-ben-divisions-head\">\n<p><strong>Programmes et services suppl\u00e9mentaires inclus<\/strong><\/div>\n<p>[\/vc_column_text][\/vc_column][\/vc_row][vc_row el_class=\u00a0\u00bbHPE-additiona-programs\u00a0\u00bb][vc_column width=\u00a0\u00bb1\/4&Prime;][vc_column_text]<\/p>\n<div class=\"custom-text-block CAE-home-ben-divisions\">\n<p><img data-recalc-dims=\"1\" decoding=\"async\" src=\"https:\/\/i0.wp.com\/select-benefits-integration-union.com\/wp-content\/uploads\/2025\/10\/Telemedicine-icon.png?ssl=1\" \/><\/p>\n<h3><a href=\"\/fr\/services-de-telemedecine\/\">Services de t\u00e9l\u00e9m\u00e9decine<\/a><\/h3>\n<\/div>\n<p>[\/vc_column_text][\/vc_column][vc_column width=\u00a0\u00bb1\/4&Prime;][vc_column_text]<\/p>\n<div class=\"custom-text-block CAE-home-ben-divisions\">\n<p><img data-recalc-dims=\"1\" decoding=\"async\" src=\"https:\/\/i0.wp.com\/select-benefits-integration-union.com\/wp-content\/uploads\/2025\/10\/EAP-icon.png?ssl=1\" \/><\/p>\n<h3><a href=\"\/fr\/programme-daide-aux-employes-et-a-leur-famille\/\">Programme d\u2019aide aux employ\u00e9s<\/a><\/h3>\n<\/div>\n<p>[\/vc_column_text][\/vc_column][vc_column width=\u00a0\u00bb1\/4&Prime;][vc_column_text]<\/p>\n<div class=\"custom-text-block CAE-home-ben-divisions\">\n<p><img data-recalc-dims=\"1\" decoding=\"async\" src=\"https:\/\/i0.wp.com\/select-benefits-integration-union.com\/wp-content\/uploads\/2025\/10\/Travel-icon.png?ssl=1\" \/><\/p>\n<h3><a href=\"\/fr\/assistance-voyage\/\">Assistance-voyage<\/a><\/h3>\n<\/div>\n<p>[\/vc_column_text][\/vc_column][vc_column width=\u00a0\u00bb1\/4&Prime;][vc_column_text]<\/p>\n<div class=\"custom-text-block CAE-home-ben-divisions\">\n<p><img data-recalc-dims=\"1\" decoding=\"async\" src=\"https:\/\/i0.wp.com\/select-benefits-integration-union.com\/wp-content\/uploads\/2025\/10\/PWP-icon.png?ssl=1\" \/><\/p>\n<h3><a href=\"\/fr\/programme-de-bien-etre-physique\/\">Programme de bien-\u00eatre physique<\/a><\/h3>\n<\/div>\n<p>[\/vc_column_text][\/vc_column][\/vc_row][vc_row css=\u00a0\u00bb.vc_custom_1654803830571{padding-top: 40px !important;}\u00a0\u00bb][vc_column][vc_column_text]<\/p>\n<div class=\"CAE-home-sec2\">\n<h2>Une exp\u00e9rience d\u2019avantages sociaux en ligne<\/h2>\n<\/div>\n<p>[\/vc_column_text][\/vc_column][\/vc_row][vc_row equal_height=\u00a0\u00bbyes\u00a0\u00bb content_placement=\u00a0\u00bbmiddle\u00a0\u00bb css=\u00a0\u00bb.vc_custom_1654803633088{padding-top: 20px !important;}\u00a0\u00bb][vc_column width=\u00a0\u00bb1\/2&Prime; col_padding=\u00a0\u00bb2&Prime; col_padding_side=\u00a0\u00bbright\u00a0\u00bb][vc_single_image image=\u00a0\u00bb6841&Prime; css_animation=\u00a0\u00bbnone\u00a0\u00bb css=\u00a0\u00bb.vc_custom_1745854036133{margin-bottom: 0px !important;}\u00a0\u00bb][\/vc_column][vc_column width=\u00a0\u00bb1\/2&Prime; col_padding=\u00a0\u00bb2&Prime; col_padding_side=\u00a0\u00bbleft\u00a0\u00bb][vc_column_text font_size=\u00a0\u00bbmedium\u00a0\u00bb]<\/p>\n<div class=\"CAE-home-sec2\">\n<h2>Acc\u00e8s simple!<\/h2>\n<p><a href=\"https:\/\/cae.seb-admin.com\" target=\"_blank\" rel=\"noopener\"><strong>CAE MesAvantages<\/strong><\/a>\u00a0est un portail \u00e0 authentification unique vous donnant un acc\u00e8s pratique \u00e0 tous vos r\u00e9gimes \u00e0 un seul endroit.<\/p>\n<p>Acc\u00e9dez facilement \u00e0 votre fournisseur de t\u00e9l\u00e9m\u00e9decine, au programme d\u2019aide aux employ\u00e9s (PAE) et au r\u00e9gime de retraite, ou soumettez une demande de r\u00e8glement, et bien plus\u2026 tout cela au m\u00eame endroit.<\/p><\/div>\n<p>[\/vc_column_text][\/vc_column][\/vc_row][vc_row equal_height=\u00a0\u00bbyes\u00a0\u00bb content_placement=\u00a0\u00bbtop\u00a0\u00bb css=\u00a0\u00bb.vc_custom_1655730482585{margin-top: 20px !important;padding-top: 90px !important;padding-bottom: 90px !important;}\u00a0\u00bb][vc_column width=\u00a0\u00bb1\/2&Prime; col_padding=\u00a0\u00bb2&Prime; col_padding_side=\u00a0\u00bbright\u00a0\u00bb el_class=\u00a0\u00bbCAE-FP-DIRECT\u00a0\u00bb css=\u00a0\u00bb.vc_custom_1660337629836{padding-right: 50px !important;}\u00a0\u00bb][vc_column_text font_size=\u00a0\u00bbmedium\u00a0\u00bb el_class=\u00a0\u00bbCAE-FP-Direct-Sec1&Prime;]<\/p>\n<div class=\"CAE-home-sec3\">\n<h3>Exp\u00e9rience d\u2019adh\u00e9sion en ligne au r\u00e9gime d\u2019assurance collective<\/h3>\n<p>Acc\u00e9dez \u00e0 <a href=\"https:\/\/cae.seb-admin.com\" target=\"_blank\" rel=\"noopener\"><strong style=\"color: #000;\">CAE MesAvantages<\/strong><\/a>, puis cliquez sur <strong>R\u00e9gime d\u2019assurance collective<\/strong> afin de choisir vos protections pour l\u2019ann\u00e9e en cours.<\/p>\n<p>Vous devrez quand m\u00eame proc\u00e9der au <a href=\"https:\/\/select-benefits-integration-union.com\/fr\/programme-davantages-sociaux\/regime-dassurance-collective-flexible\/#annual-enrollment\"><strong style=\"color: #000;\">renouvellement annuel<\/strong><\/a> afin de choisir vos protections pour l\u2019ann\u00e9e \u00e0 venir.<\/p>\n<p>Voici quelques caract\u00e9ristiques de l\u2019exp\u00e9rience d\u2019adh\u00e9sion en ligne qui vous est propos\u00e9e :<\/p>\n<div class=\"vntd-icon-list icon-list-simple icon-list-basic icon-list-color-accent\">\n<ul class=\"icon-list\">\n<li><i class=\"fas fa-check color-accent\"><\/i>D\u00e9signation de b\u00e9n\u00e9ficiaires \u00e9lectronique : choisissez vos b\u00e9n\u00e9ficiaires en ligne; aucun formulaire papier requis.<\/li>\n<li><i class=\"fas fa-check color-accent\"><\/i>Site Web r\u00e9actif : s\u2019adapte automatiquement \u00e0 tout appareil que vous utilisez.<\/li>\n<li><i class=\"fas fa-check color-accent\"><\/i>Mesures \u00e0 prendre : des alertes vous rappellent les mesures \u00e0 prendre, au besoin.<\/li>\n<li><i class=\"fas fa-check color-accent\"><\/i>Relev\u00e9s de confirmation : accessibles de n\u2019importe quel appareil et t\u00e9l\u00e9chargeables.<\/li>\n<\/ul>\n<\/div>\n<\/div>\n<p>[\/vc_column_text]<div class=\"vntd-icon-list icon-list-simple icon-list-basic icon-list-color-gray\"><ul class=\"icon-list\"><li><i class=\"far fa-star color-gray\"><\/i><\/li><\/ul><\/div>[vc_column_text font_size=\u00a0\u00bbmedium\u00a0\u00bb][\/vc_column_text][\/vc_column][vc_column width=\u00a0\u00bb1\/2&Prime; col_padding=\u00a0\u00bb2&Prime; col_padding_side=\u00a0\u00bbleft\u00a0\u00bb el_class=\u00a0\u00bbCAE-DIRECT-img\u00a0\u00bb css=\u00a0\u00bb.vc_custom_1660337299801{padding-top: 20px !important;padding-left: 30px !important;}\u00a0\u00bb][vc_single_image image=\u00a0\u00bb5807&Prime; alignment=\u00a0\u00bbcenter\u00a0\u00bb css_animation=\u00a0\u00bbnone\u00a0\u00bb css=\u00a0\u00bb.vc_custom_1662055043113{margin-bottom: 0px !important;}\u00a0\u00bb][vc_column_text]<\/p>\n<div id=\"home-bottom-notice\" class=\"CAE-important-notice home-FPD-notice\">\n<p><span style=\"font-size: 1.12em; font-weight: bold;\"><strong>Si les choses changent<\/strong><\/span><\/p>\n<p>Si vous vivez un \u00ab\u2009<a href=\"https:\/\/select-benefits-integration-union.com\/fr\/programme-davantages-sociaux\/regime-dassurance-collective-flexible\/#life-event\">\u00e9v\u00e9nement de la vie<\/a>\u2009\u00bb et voulez modifier votre couverture avant la prochaine p\u00e9riode de renouvellement, vous pourrez le faire dans les 31 jours suivant l\u2019\u00e9v\u00e9nement. Acc\u00e9dez \u00e0\u00a0<a href=\"https:\/\/cae.seb-admin.com\" target=\"_blank\" rel=\"noopener\"><strong style=\"color: #000;\">CAE MesAvantages<\/strong><\/a>\u00a0et cliquez sur <strong>R\u00e9gime d\u2019assurance collective<\/strong> pour modifier vos protections.<\/div>\n<p>[\/vc_column_text][\/vc_column][\/vc_row]<\/p>\n","protected":false},"excerpt":{"rendered":"<p>[vc_row][vc_column][\/vc_column][\/vc_row][vc_row css=\u00a0\u00bb.vc_custom_1654721875512{padding-top: 70px !important;}\u00a0\u00bb][vc_column][vc_column_text] Programmes d\u2019avantages sociaux de CAE Chez CAE, la sant\u00e9 et le bien-\u00eatre de nos employ\u00e9s et de leur famille est une priorit\u00e9. Afin de favoriser votre sant\u00e9 physique, financi\u00e8re et \u00e9motionnelle, nous offrons des programmes d\u2019avantages sociaux complets et concurrentiels, qui constituent un \u00e9l\u00e9ment important de [&hellip;]<\/p>\n","protected":false},"author":1,"featured_media":0,"parent":0,"menu_order":0,"comment_status":"closed","ping_status":"closed","template":"","meta":{"om_disable_all_campaigns":false,"_monsterinsights_skip_tracking":false,"_monsterinsights_sitenote_active":false,"_monsterinsights_sitenote_note":"","_monsterinsights_sitenote_category":0,"footnotes":""},"class_list":["post-3547","page","type-page","status-publish","hentry"],"aioseo_notices":[],"jetpack_sharing_enabled":true,"_links":{"self":[{"href":"https:\/\/select-benefits-integration-union.com\/fr\/wp-json\/wp\/v2\/pages\/3547","targetHints":{"allow":["GET"]}}],"collection":[{"href":"https:\/\/select-benefits-integration-union.com\/fr\/wp-json\/wp\/v2\/pages"}],"about":[{"href":"https:\/\/select-benefits-integration-union.com\/fr\/wp-json\/wp\/v2\/types\/page"}],"author":[{"embeddable":true,"href":"https:\/\/select-benefits-integration-union.com\/fr\/wp-json\/wp\/v2\/users\/1"}],"replies":[{"embeddable":true,"href":"https:\/\/select-benefits-integration-union.com\/fr\/wp-json\/wp\/v2\/comments?post=3547"}],"version-history":[{"count":10,"href":"https:\/\/select-benefits-integration-union.com\/fr\/wp-json\/wp\/v2\/pages\/3547\/revisions"}],"predecessor-version":[{"id":7089,"href":"https:\/\/select-benefits-integration-union.com\/fr\/wp-json\/wp\/v2\/pages\/3547\/revisions\/7089"}],"wp:attachment":[{"href":"https:\/\/select-benefits-integration-union.com\/fr\/wp-json\/wp\/v2\/media?parent=3547"}],"curies":[{"name":"wp","href":"https:\/\/api.w.org\/{rel}","templated":true}]}}